{"id":88,"date":"2025-02-28T11:48:00","date_gmt":"2025-02-28T11:48:00","guid":{"rendered":"https:\/\/fernandezywenzel.koawebsites.com\/?page_id=88"},"modified":"2025-05-31T08:42:21","modified_gmt":"2025-05-31T08:42:21","slug":"blog","status":"publish","type":"page","link":"https:\/\/fernandezywenzel.com\/es\/blog\/","title":{"rendered":"Blog"},"content":{"rendered":"<div data-elementor-type=\"wp-page\" data-elementor-id=\"88\" class=\"elementor elementor-88\" data-elementor-post-type=\"page\">\n\t\t\t\t<div class=\"elementor-element elementor-element-9532672 e-flex e-con-boxed elementor-invisible e-con e-parent\" data-id=\"9532672\" data-element_type=\"container\" data-e-type=\"container\" data-settings=\"{&quot;background_background&quot;:&quot;classic&quot;,&quot;animation&quot;:&quot;fadeInUp&quot;}\">\n\t\t\t\t\t<div class=\"e-con-inner\">\n\t\t<div class=\"elementor-element elementor-element-393abbd e-con-full e-flex e-con e-child\" data-id=\"393abbd\" data-element_type=\"container\" data-e-type=\"container\">\n\t\t\t\t<div class=\"elementor-element elementor-element-dd7fe4e elementor-widget-divider--view-line_text elementor-widget-divider--element-align-center elementor-widget elementor-widget-divider\" data-id=\"dd7fe4e\" data-element_type=\"widget\" data-e-type=\"widget\" data-widget_type=\"divider.default\">\n\t\t\t\t<div class=\"elementor-widget-container\">\n\t\t\t\t\t\t\t<div class=\"elementor-divider\">\n\t\t\t<span class=\"elementor-divider-separator\">\n\t\t\t\t\t\t\t<span class=\"elementor-divider__text elementor-divider__element\">\n\t\t\t\tBlog\t\t\t\t<\/span>\n\t\t\t\t\t\t<\/span>\n\t\t<\/div>\n\t\t\t\t\t\t<\/div>\n\t\t\t\t<\/div>\n\t\t\t\t<div class=\"elementor-element elementor-element-084d37d elementor-widget__width-inherit elementor-widget elementor-widget-heading\" data-id=\"084d37d\" data-element_type=\"widget\" data-e-type=\"widget\" data-widget_type=\"heading.default\">\n\t\t\t\t<div class=\"elementor-widget-container\">\n\t\t\t\t\t<h1 class=\"elementor-heading-title elementor-size-default\">\u00daltimas noticias<\/h1>\t\t\t\t<\/div>\n\t\t\t\t<\/div>\n\t\t\t\t<\/div>\n\t\t<div class=\"elementor-element elementor-element-3b3ec3d e-con-full e-flex e-con e-child\" data-id=\"3b3ec3d\" data-element_type=\"container\" data-e-type=\"container\">\n\t\t\t\t<div class=\"elementor-element elementor-element-fba5447 elementor-grid-3 elementor-grid-tablet-2 elementor-grid-mobile-1 elementor-posts--thumbnail-top elementor-widget elementor-widget-posts\" data-id=\"fba5447\" data-element_type=\"widget\" data-e-type=\"widget\" data-settings=\"{&quot;pagination_type&quot;:&quot;numbers_and_prev_next&quot;,&quot;classic_columns&quot;:&quot;3&quot;,&quot;classic_columns_tablet&quot;:&quot;2&quot;,&quot;classic_columns_mobile&quot;:&quot;1&quot;,&quot;classic_row_gap&quot;:{&quot;unit&quot;:&quot;px&quot;,&quot;size&quot;:35,&quot;sizes&quot;:[]},&quot;classic_row_gap_laptop&quot;:{&quot;unit&quot;:&quot;px&quot;,&quot;size&quot;:&quot;&quot;,&quot;sizes&quot;:[]},&quot;classic_row_gap_tablet&quot;:{&quot;unit&quot;:&quot;px&quot;,&quot;size&quot;:&quot;&quot;,&quot;sizes&quot;:[]},&quot;classic_row_gap_mobile&quot;:{&quot;unit&quot;:&quot;px&quot;,&quot;size&quot;:&quot;&quot;,&quot;sizes&quot;:[]}}\" data-widget_type=\"posts.classic\">\n\t\t\t\t<div class=\"elementor-widget-container\">\n\t\t\t\t\t\t\t<div class=\"elementor-posts-container elementor-posts elementor-posts--skin-classic elementor-grid\" role=\"list\">\n\t\t\t\t<article class=\"elementor-post elementor-grid-item post-1272 post type-post status-publish format-standard has-post-thumbnail hentry category-blog\" role=\"listitem\">\n\t\t\t\t<a class=\"elementor-post__thumbnail__link\" href=\"https:\/\/fernandezywenzel.com\/es\/buying-property-in-lanzarote-as-a-foreigner\/\" tabindex=\"-1\" >\n\t\t\t<div class=\"elementor-post__thumbnail\"><img fetchpriority=\"high\" decoding=\"async\" width=\"640\" height=\"430\" src=\"https:\/\/fernandezywenzel.com\/wp-content\/uploads\/2025\/06\/Foreigners-Buying-a-Property-In-Lanzarote-Featured-Image.jpg\" class=\"attachment-large size-large wp-image-1273\" alt=\"Extranjeros comprando una propiedad en Lanzarote Featured Image\" srcset=\"https:\/\/fernandezywenzel.com\/wp-content\/uploads\/2025\/06\/Foreigners-Buying-a-Property-In-Lanzarote-Featured-Image.jpg 700w, https:\/\/fernandezywenzel.com\/wp-content\/uploads\/2025\/06\/Foreigners-Buying-a-Property-In-Lanzarote-Featured-Image-300x201.jpg 300w, https:\/\/fernandezywenzel.com\/wp-content\/uploads\/2025\/06\/Foreigners-Buying-a-Property-In-Lanzarote-Featured-Image-18x12.jpg 18w\" sizes=\"(max-width: 640px) 100vw, 640px\" \/><\/div>\n\t\t<\/a>\n\t\t\t\t<div class=\"elementor-post__text\">\n\t\t\t\t<h3 class=\"elementor-post__title\">\n\t\t\t<a href=\"https:\/\/fernandezywenzel.com\/es\/buying-property-in-lanzarote-as-a-foreigner\/\" >\n\t\t\t\t9 cosas que deben saber los extranjeros que compran una propiedad en Lanzarote\t\t\t<\/a>\n\t\t<\/h3>\n\t\t\t\t<div class=\"elementor-post__meta-data\">\n\t\t\t\t\t<span class=\"elementor-post-date\">\n\t\t\t27 de mayo de 2025\t\t<\/span>\n\t\t\t\t<\/div>\n\t\t\t\t<div class=\"elementor-post__excerpt\">\n\t\t\t<p>Comprar una propiedad en Lanzarote como extranjero puede ser emocionante y un poco abrumador. Probablemente sue\u00f1as con d\u00edas soleados, vistas al oc\u00e9ano y un estilo de vida tranquilo.<\/p>\n\t\t<\/div>\n\t\t\n\t\t<a class=\"elementor-post__read-more\" href=\"https:\/\/fernandezywenzel.com\/es\/buying-property-in-lanzarote-as-a-foreigner\/\" aria-label=\"Leer m\u00e1s sobre 9 cosas que deben saber los extranjeros que compran una propiedad en Lanzarote\" tabindex=\"-1\" >\n\t\t\tLeer M\u00e1s \"\t\t<\/a>\n\n\t\t\t\t<\/div>\n\t\t\t\t<\/article>\n\t\t\t\t<article class=\"elementor-post elementor-grid-item post-847 post type-post status-publish format-standard has-post-thumbnail hentry category-blog\" role=\"listitem\">\n\t\t\t\t<a class=\"elementor-post__thumbnail__link\" href=\"https:\/\/fernandezywenzel.com\/es\/buying-or-selling-property-in-spain-what-you-need-to-know\/\" tabindex=\"-1\" >\n\t\t\t<div class=\"elementor-post__thumbnail\"><img decoding=\"async\" width=\"640\" height=\"360\" src=\"https:\/\/fernandezywenzel.com\/wp-content\/uploads\/2025\/03\/Blog-1-image-1024x576.jpg\" class=\"attachment-large size-large wp-image-1082\" alt=\"Una mano con llaves\" srcset=\"https:\/\/fernandezywenzel.com\/wp-content\/uploads\/2025\/03\/Blog-1-image-1024x576.jpg 1024w, https:\/\/fernandezywenzel.com\/wp-content\/uploads\/2025\/03\/Blog-1-image-300x169.jpg 300w, https:\/\/fernandezywenzel.com\/wp-content\/uploads\/2025\/03\/Blog-1-image-768x432.jpg 768w, https:\/\/fernandezywenzel.com\/wp-content\/uploads\/2025\/03\/Blog-1-image-18x10.jpg 18w, https:\/\/fernandezywenzel.com\/wp-content\/uploads\/2025\/03\/Blog-1-image.jpg 1500w\" sizes=\"(max-width: 640px) 100vw, 640px\" \/><\/div>\n\t\t<\/a>\n\t\t\t\t<div class=\"elementor-post__text\">\n\t\t\t\t<h3 class=\"elementor-post__title\">\n\t\t\t<a href=\"https:\/\/fernandezywenzel.com\/es\/buying-or-selling-property-in-spain-what-you-need-to-know\/\" >\n\t\t\t\tComprar o vender una propiedad en Espa\u00f1a\t\t\t<\/a>\n\t\t<\/h3>\n\t\t\t\t<div class=\"elementor-post__meta-data\">\n\t\t\t\t\t<span class=\"elementor-post-date\">\n\t\t\t6 de marzo de 2025\t\t<\/span>\n\t\t\t\t<\/div>\n\t\t\t\t<div class=\"elementor-post__excerpt\">\n\t\t\t<p>Espa\u00f1a es desde hace tiempo uno de los principales destinos para compradores e inversores inmobiliarios, ya que ofrece una mezcla de climas soleados, impresionantes vistas de la costa y vibrantes experiencias culturales. <\/p>\n\t\t<\/div>\n\t\t\n\t\t<a class=\"elementor-post__read-more\" href=\"https:\/\/fernandezywenzel.com\/es\/buying-or-selling-property-in-spain-what-you-need-to-know\/\" aria-label=\"Leer m\u00e1s sobre Comprar o vender una propiedad en Espa\u00f1a\" tabindex=\"-1\" >\n\t\t\tLeer M\u00e1s \"\t\t<\/a>\n\n\t\t\t\t<\/div>\n\t\t\t\t<\/article>\n\t\t\t\t<article class=\"elementor-post elementor-grid-item post-850 post type-post status-publish format-standard has-post-thumbnail hentry category-blog\" role=\"listitem\">\n\t\t\t\t<a class=\"elementor-post__thumbnail__link\" href=\"https:\/\/fernandezywenzel.com\/es\/setup-business-in-spain\/\" tabindex=\"-1\" >\n\t\t\t<div class=\"elementor-post__thumbnail\"><img decoding=\"async\" width=\"640\" height=\"425\" src=\"https:\/\/fernandezywenzel.com\/wp-content\/uploads\/2025\/03\/Blog-2-image-1024x680.jpg\" class=\"attachment-large size-large wp-image-1086\" alt=\"Un hombre trabajando en la oficina\" srcset=\"https:\/\/fernandezywenzel.com\/wp-content\/uploads\/2025\/03\/Blog-2-image-1024x680.jpg 1024w, https:\/\/fernandezywenzel.com\/wp-content\/uploads\/2025\/03\/Blog-2-image-300x199.jpg 300w, https:\/\/fernandezywenzel.com\/wp-content\/uploads\/2025\/03\/Blog-2-image-768x510.jpg 768w, https:\/\/fernandezywenzel.com\/wp-content\/uploads\/2025\/03\/Blog-2-image-18x12.jpg 18w, https:\/\/fernandezywenzel.com\/wp-content\/uploads\/2025\/03\/Blog-2-image.jpg 1500w\" sizes=\"(max-width: 640px) 100vw, 640px\" \/><\/div>\n\t\t<\/a>\n\t\t\t\t<div class=\"elementor-post__text\">\n\t\t\t\t<h3 class=\"elementor-post__title\">\n\t\t\t<a href=\"https:\/\/fernandezywenzel.com\/es\/setup-business-in-spain\/\" >\n\t\t\t\tCrear una empresa en Espa\u00f1a\t\t\t<\/a>\n\t\t<\/h3>\n\t\t\t\t<div class=\"elementor-post__meta-data\">\n\t\t\t\t\t<span class=\"elementor-post-date\">\n\t\t\t2 de marzo de 2025\t\t<\/span>\n\t\t\t\t<\/div>\n\t\t\t\t<div class=\"elementor-post__excerpt\">\n\t\t\t<p>Emprender un negocio en Espa\u00f1a puede ser una oportunidad gratificante para empresarios e inversores que busquen expandirse en el mercado europeo. <\/p>\n\t\t<\/div>\n\t\t\n\t\t<a class=\"elementor-post__read-more\" href=\"https:\/\/fernandezywenzel.com\/es\/setup-business-in-spain\/\" aria-label=\"Leer m\u00e1s sobre Crear una empresa en Espa\u00f1a\" tabindex=\"-1\" >\n\t\t\tLeer M\u00e1s \"\t\t<\/a>\n\n\t\t\t\t<\/div>\n\t\t\t\t<\/article>\n\t\t\t\t<\/div>\n\t\t\n\t\t\t\t<div class=\"e-load-more-anchor\" data-page=\"1\" data-max-page=\"2\" data-next-page=\"https:\/\/fernandezywenzel.com\/es\/wp-json\/wp\/v2\/pages\/88\/page\/2\/\"><\/div>\n\t\t\t\t<nav class=\"elementor-pagination\" aria-label=\"Paginaci\u00f3n\">\n\t\t\t<span class=\"page-numbers prev\">\" Anterior<\/span>\n<span aria-current=\"page\" class=\"page-numbers current\"><span class=\"elementor-screen-only\">P\u00e1gina<\/span>1<\/span>\n<a class=\"page-numbers\" href=\"https:\/\/fernandezywenzel.com\/es\/wp-json\/wp\/v2\/pages\/88\/page\/2\/\"><span class=\"elementor-screen-only\">P\u00e1gina<\/span>2<\/a>\n<a class=\"page-numbers next\" href=\"https:\/\/fernandezywenzel.com\/es\/wp-json\/wp\/v2\/pages\/88\/page\/2\/\">Siguiente \"<\/a>\t\t<\/nav>\n\t\t\t\t\t\t<\/div>\n\t\t\t\t<\/div>\n\t\t\t\t<\/div>\n\t\t\t\t\t<\/div>\n\t\t\t\t<\/div>\n\t\t\t\t<\/div>","protected":false},"excerpt":{"rendered":"<p>Blog \u00daltimas noticias<\/p>","protected":false},"author":1,"featured_media":0,"parent":0,"menu_order":0,"comment_status":"closed","ping_status":"closed","template":"elementor_header_footer","meta":{"footnotes":""},"class_list":["post-88","page","type-page","status-publish","hentry"],"yoast_head":"<!-- This site is optimized with the Yoast SEO plugin v27.3 - https:\/\/yoast.com\/product\/yoast-seo-wordpress\/ -->\n<title>Blog - Latest News - Fern\u00e1ndez &amp; Wenzel<\/title>\n<meta name=\"description\" content=\"Check the latest news on our Blog page. Learn a bit more about our services and get the latest information from Fern\u00e1ndez &amp; Wenzel.\" \/>\n<meta name=\"robots\" content=\"index, follow, max-snippet:-1, max-image-preview:large, max-video-preview:-1\" \/>\n<link rel=\"canonical\" href=\"https:\/\/fernandezywenzel.com\/es\/blog\/\" \/>\n<meta property=\"og:locale\" content=\"es_ES\" \/>\n<meta property=\"og:type\" content=\"article\" \/>\n<meta property=\"og:title\" content=\"Blog - Latest News - Fern\u00e1ndez &amp; Wenzel\" \/>\n<meta property=\"og:description\" content=\"Check the latest news on our Blog page. Learn a bit more about our services and get the latest information from Fern\u00e1ndez &amp; Wenzel.\" \/>\n<meta property=\"og:url\" content=\"https:\/\/fernandezywenzel.com\/es\/blog\/\" \/>\n<meta property=\"og:site_name\" content=\"Fern\u00e1ndez &amp; Wenzel\" \/>\n<meta property=\"article:modified_time\" content=\"2025-05-31T08:42:21+00:00\" \/>\n<meta name=\"twitter:card\" content=\"summary_large_image\" \/>\n<meta name=\"twitter:label1\" content=\"Est. reading time\" \/>\n\t<meta name=\"twitter:data1\" content=\"1 minute\" \/>\n<script type=\"application\/ld+json\" class=\"yoast-schema-graph\">{\"@context\":\"https:\\\/\\\/schema.org\",\"@graph\":[{\"@type\":\"WebPage\",\"@id\":\"https:\\\/\\\/fernandezywenzel.com\\\/blog\\\/\",\"url\":\"https:\\\/\\\/fernandezywenzel.com\\\/blog\\\/\",\"name\":\"Blog - Latest News - Fern\u00e1ndez &amp; Wenzel\",\"isPartOf\":{\"@id\":\"https:\\\/\\\/fernandezywenzel.com\\\/#website\"},\"datePublished\":\"2025-02-28T11:48:00+00:00\",\"dateModified\":\"2025-05-31T08:42:21+00:00\",\"description\":\"Check the latest news on our Blog page. Learn a bit more about our services and get the latest information from Fern\u00e1ndez & Wenzel.\",\"breadcrumb\":{\"@id\":\"https:\\\/\\\/fernandezywenzel.com\\\/blog\\\/#breadcrumb\"},\"inLanguage\":\"es-ES\",\"potentialAction\":[{\"@type\":\"ReadAction\",\"target\":[\"https:\\\/\\\/fernandezywenzel.com\\\/blog\\\/\"]}]},{\"@type\":\"BreadcrumbList\",\"@id\":\"https:\\\/\\\/fernandezywenzel.com\\\/blog\\\/#breadcrumb\",\"itemListElement\":[{\"@type\":\"ListItem\",\"position\":1,\"name\":\"Home\",\"item\":\"https:\\\/\\\/fernandezywenzel.com\\\/\"},{\"@type\":\"ListItem\",\"position\":2,\"name\":\"Blog\"}]},{\"@type\":\"WebSite\",\"@id\":\"https:\\\/\\\/fernandezywenzel.com\\\/#website\",\"url\":\"https:\\\/\\\/fernandezywenzel.com\\\/\",\"name\":\"Fern\u00e1ndez &amp; Wenzel\",\"description\":\"\",\"potentialAction\":[{\"@type\":\"SearchAction\",\"target\":{\"@type\":\"EntryPoint\",\"urlTemplate\":\"https:\\\/\\\/fernandezywenzel.com\\\/?s={search_term_string}\"},\"query-input\":{\"@type\":\"PropertyValueSpecification\",\"valueRequired\":true,\"valueName\":\"search_term_string\"}}],\"inLanguage\":\"es-ES\"}]}<\/script>\n<!-- \/ Yoast SEO plugin. -->","yoast_head_json":{"title":"Blog - \u00daltimas noticias - Fern\u00e1ndez &amp; Wenzel","description":"Consulte las \u00faltimas noticias en nuestra p\u00e1gina Blog. Conozca un poco m\u00e1s sobre nuestros servicios y obtenga la informaci\u00f3n m\u00e1s reciente de Fern\u00e1ndez &amp; Wenzel.","robots":{"index":"index","follow":"follow","max-snippet":"max-snippet:-1","max-image-preview":"max-image-preview:large","max-video-preview":"max-video-preview:-1"},"canonical":"https:\/\/fernandezywenzel.com\/es\/blog\/","og_locale":"es_ES","og_type":"article","og_title":"Blog - Latest News - Fern\u00e1ndez &amp; Wenzel","og_description":"Check the latest news on our Blog page. Learn a bit more about our services and get the latest information from Fern\u00e1ndez & Wenzel.","og_url":"https:\/\/fernandezywenzel.com\/es\/blog\/","og_site_name":"Fern\u00e1ndez &amp; Wenzel","article_modified_time":"2025-05-31T08:42:21+00:00","twitter_card":"summary_large_image","twitter_misc":{"Est. reading time":"1 minute"},"schema":{"@context":"https:\/\/schema.org","@graph":[{"@type":"WebPage","@id":"https:\/\/fernandezywenzel.com\/blog\/","url":"https:\/\/fernandezywenzel.com\/blog\/","name":"Blog - \u00daltimas noticias - Fern\u00e1ndez &amp; Wenzel","isPartOf":{"@id":"https:\/\/fernandezywenzel.com\/#website"},"datePublished":"2025-02-28T11:48:00+00:00","dateModified":"2025-05-31T08:42:21+00:00","description":"Consulte las \u00faltimas noticias en nuestra p\u00e1gina Blog. Conozca un poco m\u00e1s sobre nuestros servicios y obtenga la informaci\u00f3n m\u00e1s reciente de Fern\u00e1ndez &amp; Wenzel.","breadcrumb":{"@id":"https:\/\/fernandezywenzel.com\/blog\/#breadcrumb"},"inLanguage":"es-ES","potentialAction":[{"@type":"ReadAction","target":["https:\/\/fernandezywenzel.com\/blog\/"]}]},{"@type":"BreadcrumbList","@id":"https:\/\/fernandezywenzel.com\/blog\/#breadcrumb","itemListElement":[{"@type":"ListItem","position":1,"name":"Home","item":"https:\/\/fernandezywenzel.com\/"},{"@type":"ListItem","position":2,"name":"Blog"}]},{"@type":"WebSite","@id":"https:\/\/fernandezywenzel.com\/#website","url":"https:\/\/fernandezywenzel.com\/","name":"Fern\u00e1ndez &amp; Wenzel","description":"","potentialAction":[{"@type":"SearchAction","target":{"@type":"EntryPoint","urlTemplate":"https:\/\/fernandezywenzel.com\/?s={search_term_string}"},"query-input":{"@type":"PropertyValueSpecification","valueRequired":true,"valueName":"search_term_string"}}],"inLanguage":"es-ES"}]}},"_links":{"self":[{"href":"https:\/\/fernandezywenzel.com\/es\/wp-json\/wp\/v2\/pages\/88","targetHints":{"allow":["GET"]}}],"collection":[{"href":"https:\/\/fernandezywenzel.com\/es\/wp-json\/wp\/v2\/pages"}],"about":[{"href":"https:\/\/fernandezywenzel.com\/es\/wp-json\/wp\/v2\/types\/page"}],"author":[{"embeddable":true,"href":"https:\/\/fernandezywenzel.com\/es\/wp-json\/wp\/v2\/users\/1"}],"replies":[{"embeddable":true,"href":"https:\/\/fernandezywenzel.com\/es\/wp-json\/wp\/v2\/comments?post=88"}],"version-history":[{"count":26,"href":"https:\/\/fernandezywenzel.com\/es\/wp-json\/wp\/v2\/pages\/88\/revisions"}],"predecessor-version":[{"id":1251,"href":"https:\/\/fernandezywenzel.com\/es\/wp-json\/wp\/v2\/pages\/88\/revisions\/1251"}],"wp:attachment":[{"href":"https:\/\/fernandezywenzel.com\/es\/wp-json\/wp\/v2\/media?parent=88"}],"curies":[{"name":"wp","href":"https:\/\/api.w.org\/{rel}","templated":true}]}}