{"id":75,"date":"2025-02-28T11:45:29","date_gmt":"2025-02-28T11:45:29","guid":{"rendered":"https:\/\/fernandezywenzel.koawebsites.com\/?page_id=75"},"modified":"2025-12-19T09:20:19","modified_gmt":"2025-12-19T09:20:19","slug":"departamento-de-derecho-fiscal","status":"publish","type":"page","link":"https:\/\/fernandezywenzel.com\/es\/tax-law-department\/","title":{"rendered":"Departamento de Derecho Fiscal"},"content":{"rendered":"<div data-elementor-type=\"wp-page\" data-elementor-id=\"75\" class=\"elementor elementor-75\" data-elementor-post-type=\"page\">\n\t\t\t\t<div class=\"elementor-element elementor-element-6a4f3bf e-flex e-con-boxed elementor-invisible e-con e-parent\" data-id=\"6a4f3bf\" data-element_type=\"container\" data-e-type=\"container\" data-settings=\"{&quot;background_background&quot;:&quot;classic&quot;,&quot;animation&quot;:&quot;fadeIn&quot;}\">\n\t\t\t\t\t<div class=\"e-con-inner\">\n\t\t<div class=\"elementor-element elementor-element-cbd7a3b e-con-full e-flex e-con e-child\" data-id=\"cbd7a3b\" data-element_type=\"container\" data-e-type=\"container\">\n\t\t<div class=\"elementor-element elementor-element-b931223 e-con-full e-flex e-con e-child\" data-id=\"b931223\" data-element_type=\"container\" data-e-type=\"container\">\n\t\t\t\t<div class=\"elementor-element elementor-element-e2350f9 elementor-widget elementor-widget-image\" data-id=\"e2350f9\" data-element_type=\"widget\" data-e-type=\"widget\" data-widget_type=\"image.default\">\n\t\t\t\t<div class=\"elementor-widget-container\">\n\t\t\t\t\t\t\t\t\t\t\t\t\t\t\t<img fetchpriority=\"high\" decoding=\"async\" width=\"640\" height=\"426\" src=\"https:\/\/fernandezywenzel.com\/wp-content\/uploads\/2025\/12\/Tax-Law-Department-PAGE-1-min-1-1024x681.jpg\" class=\"attachment-large size-large wp-image-1325\" alt=\"\" srcset=\"https:\/\/fernandezywenzel.com\/wp-content\/uploads\/2025\/12\/Tax-Law-Department-PAGE-1-min-1-1024x681.jpg 1024w, https:\/\/fernandezywenzel.com\/wp-content\/uploads\/2025\/12\/Tax-Law-Department-PAGE-1-min-1-300x200.jpg 300w, https:\/\/fernandezywenzel.com\/wp-content\/uploads\/2025\/12\/Tax-Law-Department-PAGE-1-min-1-768x511.jpg 768w, https:\/\/fernandezywenzel.com\/wp-content\/uploads\/2025\/12\/Tax-Law-Department-PAGE-1-min-1-1536x1022.jpg 1536w, https:\/\/fernandezywenzel.com\/wp-content\/uploads\/2025\/12\/Tax-Law-Department-PAGE-1-min-1-18x12.jpg 18w, https:\/\/fernandezywenzel.com\/wp-content\/uploads\/2025\/12\/Tax-Law-Department-PAGE-1-min-1.jpg 2000w\" sizes=\"(max-width: 640px) 100vw, 640px\" \/>\t\t\t\t\t\t\t\t\t\t\t\t\t\t\t<\/div>\n\t\t\t\t<\/div>\n\t\t\t\t<div class=\"elementor-element elementor-element-f3cd210 elementor-hidden-tablet elementor-hidden-mobile elementor-widget elementor-widget-image\" data-id=\"f3cd210\" data-element_type=\"widget\" data-e-type=\"widget\" data-widget_type=\"image.default\">\n\t\t\t\t<div class=\"elementor-widget-container\">\n\t\t\t\t\t\t\t\t\t\t\t\t\t\t\t<img decoding=\"async\" width=\"640\" height=\"426\" src=\"https:\/\/fernandezywenzel.com\/wp-content\/uploads\/2025\/12\/Tax-Law-Department-PAGE-2-min-1-1024x681.jpg\" class=\"attachment-large size-large wp-image-1326\" alt=\"\" srcset=\"https:\/\/fernandezywenzel.com\/wp-content\/uploads\/2025\/12\/Tax-Law-Department-PAGE-2-min-1-1024x681.jpg 1024w, https:\/\/fernandezywenzel.com\/wp-content\/uploads\/2025\/12\/Tax-Law-Department-PAGE-2-min-1-300x200.jpg 300w, https:\/\/fernandezywenzel.com\/wp-content\/uploads\/2025\/12\/Tax-Law-Department-PAGE-2-min-1-768x511.jpg 768w, https:\/\/fernandezywenzel.com\/wp-content\/uploads\/2025\/12\/Tax-Law-Department-PAGE-2-min-1-1536x1022.jpg 1536w, https:\/\/fernandezywenzel.com\/wp-content\/uploads\/2025\/12\/Tax-Law-Department-PAGE-2-min-1-18x12.jpg 18w, https:\/\/fernandezywenzel.com\/wp-content\/uploads\/2025\/12\/Tax-Law-Department-PAGE-2-min-1.jpg 2000w\" sizes=\"(max-width: 640px) 100vw, 640px\" \/>\t\t\t\t\t\t\t\t\t\t\t\t\t\t\t<\/div>\n\t\t\t\t<\/div>\n\t\t\t\t<\/div>\n\t\t<div class=\"elementor-element elementor-element-f6d16d7 e-con-full e-flex e-con e-child\" data-id=\"f6d16d7\" data-element_type=\"container\" data-e-type=\"container\">\n\t\t\t\t<div class=\"elementor-element elementor-element-ee6f43d elementor-widget-divider--view-line_text elementor-widget-divider--element-align-left elementor-widget elementor-widget-divider\" data-id=\"ee6f43d\" data-element_type=\"widget\" data-e-type=\"widget\" data-widget_type=\"divider.default\">\n\t\t\t\t<div class=\"elementor-widget-container\">\n\t\t\t\t\t\t\t<div class=\"elementor-divider\">\n\t\t\t<span class=\"elementor-divider-separator\">\n\t\t\t\t\t\t\t<span class=\"elementor-divider__text elementor-divider__element\">\n\t\t\t\t servicio de calidad\t\t\t\t<\/span>\n\t\t\t\t\t\t<\/span>\n\t\t<\/div>\n\t\t\t\t\t\t<\/div>\n\t\t\t\t<\/div>\n\t\t\t\t<div class=\"elementor-element elementor-element-0d6f3e2 elementor-widget__width-inherit elementor-widget elementor-widget-heading\" data-id=\"0d6f3e2\" data-element_type=\"widget\" data-e-type=\"widget\" data-widget_type=\"heading.default\">\n\t\t\t\t<div class=\"elementor-widget-container\">\n\t\t\t\t\t<h1 class=\"elementor-heading-title elementor-size-default\">Departamento de Derecho Fiscal<\/h1>\t\t\t\t<\/div>\n\t\t\t\t<\/div>\n\t\t\t\t<div class=\"elementor-element elementor-element-02fae5c kv-list-1 elementor-widget elementor-widget-text-editor\" data-id=\"02fae5c\" data-element_type=\"widget\" data-e-type=\"widget\" data-widget_type=\"text-editor.default\">\n\t\t\t\t<div class=\"elementor-widget-container\">\n\t\t\t\t\t\t\t\t\t<p>Con un equipo altamente especializado de abogados y economistas, nuestro Departamento de Derecho Tributario es un pilar fundamental de la firma, proporcionando un apoyo continuo y cercano a todas las dem\u00e1s \u00e1reas de pr\u00e1ctica. En Fern\u00e1ndez &amp; Wenzel creemos que un asesoramiento jur\u00eddico de calidad requiere una planificaci\u00f3n fiscal integral y \u00f3ptima para satisfacer las necesidades de nuestros clientes.<\/p><p>Nuestro departamento asesora a empresas, accionistas y particulares, residentes o no residentes en Espa\u00f1a, garantizando la eficiencia fiscal tanto en operaciones nacionales como transfronterizas.<\/p><p>En un \u00e1mbito en constante evoluci\u00f3n, nuestros profesionales ofrecen conocimientos especializados de alto nivel y mantienen informados a nuestros clientes de todas las actualizaciones jur\u00eddicas a trav\u00e9s de nuestro blog, que tambi\u00e9n se publica y comparte internacionalmente a trav\u00e9s de nuestra p\u00e1gina web y de las principales redes sociales profesionales.<\/p><p><strong>Principales \u00e1reas de especializaci\u00f3n:<\/strong><\/p>\t\t\t\t\t\t\t\t<\/div>\n\t\t\t\t<\/div>\n\t\t\t\t<div class=\"elementor-element elementor-element-ac7d7d4 kv-list-1 elementor-widget elementor-widget-text-editor\" data-id=\"ac7d7d4\" data-element_type=\"widget\" data-e-type=\"widget\" data-widget_type=\"text-editor.default\">\n\t\t\t\t<div class=\"elementor-widget-container\">\n\t\t\t\t\t\t\t\t\t<ul><li style=\"font-weight: 400;\" aria-level=\"1\">Fiscalidad general<\/li><li style=\"font-weight: 400;\" aria-level=\"1\">Fiscalidad de los no residentes y fiscalidad del alquiler vacacional<\/li><li style=\"font-weight: 400;\" aria-level=\"1\">Contabilidad empresarial<\/li><li style=\"font-weight: 400;\" aria-level=\"1\">Estados financieros anuales<\/li><li style=\"font-weight: 400;\" aria-level=\"1\">Planificaci\u00f3n fiscal<\/li><li style=\"font-weight: 400;\" aria-level=\"1\">Impuestos directos e indirectos (IGIC)<\/li><li style=\"font-weight: 400;\" aria-level=\"1\">Asesoramiento en inversiones y ventajas fiscales para las Islas Canarias<\/li><li style=\"font-weight: 400;\" aria-level=\"1\">Presentaci\u00f3n de impuestos locales<\/li><li style=\"font-weight: 400;\" aria-level=\"1\">Empresas familiares<\/li><li style=\"font-weight: 400;\" aria-level=\"1\">Planificaci\u00f3n sucesoria y patrimonial<\/li><\/ul>\t\t\t\t\t\t\t\t<\/div>\n\t\t\t\t<\/div>\n\t\t\t\t<div class=\"elementor-element elementor-element-7b0ed3a kv-list-1 elementor-widget elementor-widget-text-editor\" data-id=\"7b0ed3a\" data-element_type=\"widget\" data-e-type=\"widget\" data-widget_type=\"text-editor.default\">\n\t\t\t\t<div class=\"elementor-widget-container\">\n\t\t\t\t\t\t\t\t\t<p><strong>P\u00f3ngase en contacto con nosotros hoy mismo para obtener servicios expertos de asesoramiento fiscal.<\/strong><\/p>\t\t\t\t\t\t\t\t<\/div>\n\t\t\t\t<\/div>\n\t\t\t\t<div class=\"elementor-element elementor-element-8b83d03 elementor-widget-laptop__width-auto elementor-mobile-align-left elementor-widget-mobile__width-auto elementor-widget elementor-widget-button\" data-id=\"8b83d03\" data-element_type=\"widget\" data-e-type=\"widget\" data-widget_type=\"button.default\">\n\t\t\t\t<div class=\"elementor-widget-container\">\n\t\t\t\t\t\t\t\t\t<div class=\"elementor-button-wrapper\">\n\t\t\t\t\t<a class=\"elementor-button elementor-button-link elementor-size-sm\" href=\"https:\/\/fernandezywenzel.com\/es\/contacto\/\">\n\t\t\t\t\t\t<span class=\"elementor-button-content-wrapper\">\n\t\t\t\t\t\t\t\t\t<span class=\"elementor-button-text\">P\u00f3ngase en contacto con nosotros <\/span>\n\t\t\t\t\t<\/span>\n\t\t\t\t\t<\/a>\n\t\t\t\t<\/div>\n\t\t\t\t\t\t\t\t<\/div>\n\t\t\t\t<\/div>\n\t\t\t\t<\/div>\n\t\t<div class=\"elementor-element elementor-element-8f30bdd e-con-full e-flex e-con e-child\" data-id=\"8f30bdd\" data-element_type=\"container\" data-e-type=\"container\">\n\t\t\t\t<div class=\"elementor-element elementor-element-922cc26 elementor-widget__width-inherit elementor-widget elementor-widget-heading\" data-id=\"922cc26\" data-element_type=\"widget\" data-e-type=\"widget\" data-widget_type=\"heading.default\">\n\t\t\t\t<div class=\"elementor-widget-container\">\n\t\t\t\t\t<h2 class=\"elementor-heading-title elementor-size-default\">Servicios de Derecho Fiscal en las Islas Canarias\n<\/h2>\t\t\t\t<\/div>\n\t\t\t\t<\/div>\n\t\t\t\t<div class=\"elementor-element elementor-element-a8c6276 kv-list-1 elementor-widget elementor-widget-text-editor\" data-id=\"a8c6276\" data-element_type=\"widget\" data-e-type=\"widget\" data-widget_type=\"text-editor.default\">\n\t\t\t\t<div class=\"elementor-widget-container\">\n\t\t\t\t\t\t\t\t\t<p><span style=\"font-weight: 400;\">Aunque t\u00e9cnicamente las Islas Canarias forman parte de Espa\u00f1a, funcionan con su propio sistema fiscal como regi\u00f3n ultraperif\u00e9rica de la Uni\u00f3n Europea. Las islas tienen su propio impuesto sobre la venta, tipos del impuesto de sociedades y derechos de aduana e importaci\u00f3n. Tambi\u00e9n hay reducciones en el impuesto sobre la renta para algunos residentes canarios.<\/span><\/p><p><span style=\"font-weight: 400;\">Nuestro equipo fiscal est\u00e1 especializado en navegar por la compleja situaci\u00f3n fiscal de las Islas Canarias, asegur\u00e1ndose de que usted sigue cumpliendo con todas las leyes fiscales aplicables mientras disfruta de todos los beneficios fiscales disponibles.<\/span><\/p>\t\t\t\t\t\t\t\t<\/div>\n\t\t\t\t<\/div>\n\t\t\t\t<\/div>\n\t\t\t\t<\/div>\n\t\t\t\t\t<\/div>\n\t\t\t\t<\/div>\n\t\t\t\t<\/div>","protected":false},"excerpt":{"rendered":"<p>quality service With a highly specialized team of lawyers and economists, our Tax Law Department is a fundamental pillar of the firm, providing continuous and close support to all other practice areas. At Fern\u00e1ndez &amp; Wenzel, we believe that high-quality legal advice requires comprehensive and optimal tax planning to meet our clients&#8217; needs. Our department [&hellip;]<\/p>\n","protected":false},"author":1,"featured_media":0,"parent":0,"menu_order":0,"comment_status":"closed","ping_status":"closed","template":"elementor_header_footer","meta":{"footnotes":""},"class_list":["post-75","page","type-page","status-publish","hentry"],"yoast_head":"<!-- This site is optimized with the Yoast SEO plugin v27.3 - https:\/\/yoast.com\/product\/yoast-seo-wordpress\/ -->\n<title>Tax Law Department - Fern\u00e1ndez &amp; Wenzel<\/title>\n<meta name=\"description\" content=\"Our tax team specializes in navigating the tax situation in the Canary Islands, ensuring that you remain in compliance with all tax laws.\" \/>\n<meta name=\"robots\" content=\"index, follow, max-snippet:-1, max-image-preview:large, max-video-preview:-1\" \/>\n<link rel=\"canonical\" href=\"https:\/\/fernandezywenzel.com\/es\/departamento-de-derecho-fiscal\/\" \/>\n<meta property=\"og:locale\" content=\"es_ES\" \/>\n<meta property=\"og:type\" content=\"article\" \/>\n<meta property=\"og:title\" content=\"Tax Law Department - Fern\u00e1ndez &amp; Wenzel\" \/>\n<meta property=\"og:description\" content=\"Our tax team specializes in navigating the tax situation in the Canary Islands, ensuring that you remain in compliance with all tax laws.\" \/>\n<meta property=\"og:url\" content=\"https:\/\/fernandezywenzel.com\/es\/departamento-de-derecho-fiscal\/\" \/>\n<meta property=\"og:site_name\" content=\"Fern\u00e1ndez &amp; Wenzel\" \/>\n<meta property=\"article:modified_time\" content=\"2025-12-19T09:20:19+00:00\" \/>\n<meta property=\"og:image\" content=\"https:\/\/fernandezywenzel.com\/wp-content\/uploads\/2025\/12\/Tax-Law-Department-PAGE-1-min-1-1024x681.jpg\" \/>\n<meta name=\"twitter:card\" content=\"summary_large_image\" \/>\n<meta name=\"twitter:label1\" content=\"Est. reading time\" \/>\n\t<meta name=\"twitter:data1\" content=\"2 minutes\" \/>\n<script type=\"application\/ld+json\" class=\"yoast-schema-graph\">{\"@context\":\"https:\\\/\\\/schema.org\",\"@graph\":[{\"@type\":\"WebPage\",\"@id\":\"https:\\\/\\\/fernandezywenzel.com\\\/tax-law-department\\\/\",\"url\":\"https:\\\/\\\/fernandezywenzel.com\\\/tax-law-department\\\/\",\"name\":\"Tax Law Department - Fern\u00e1ndez &amp; Wenzel\",\"isPartOf\":{\"@id\":\"https:\\\/\\\/fernandezywenzel.com\\\/#website\"},\"primaryImageOfPage\":{\"@id\":\"https:\\\/\\\/fernandezywenzel.com\\\/tax-law-department\\\/#primaryimage\"},\"image\":{\"@id\":\"https:\\\/\\\/fernandezywenzel.com\\\/tax-law-department\\\/#primaryimage\"},\"thumbnailUrl\":\"https:\\\/\\\/fernandezywenzel.com\\\/wp-content\\\/uploads\\\/2025\\\/12\\\/Tax-Law-Department-PAGE-1-min-1-1024x681.jpg\",\"datePublished\":\"2025-02-28T11:45:29+00:00\",\"dateModified\":\"2025-12-19T09:20:19+00:00\",\"description\":\"Our tax team specializes in navigating the tax situation in the Canary Islands, ensuring that you remain in compliance with all tax laws.\",\"breadcrumb\":{\"@id\":\"https:\\\/\\\/fernandezywenzel.com\\\/tax-law-department\\\/#breadcrumb\"},\"inLanguage\":\"es-ES\",\"potentialAction\":[{\"@type\":\"ReadAction\",\"target\":[\"https:\\\/\\\/fernandezywenzel.com\\\/tax-law-department\\\/\"]}]},{\"@type\":\"ImageObject\",\"inLanguage\":\"es-ES\",\"@id\":\"https:\\\/\\\/fernandezywenzel.com\\\/tax-law-department\\\/#primaryimage\",\"url\":\"https:\\\/\\\/fernandezywenzel.com\\\/wp-content\\\/uploads\\\/2025\\\/12\\\/Tax-Law-Department-PAGE-1-min-1-1024x681.jpg\",\"contentUrl\":\"https:\\\/\\\/fernandezywenzel.com\\\/wp-content\\\/uploads\\\/2025\\\/12\\\/Tax-Law-Department-PAGE-1-min-1-1024x681.jpg\"},{\"@type\":\"BreadcrumbList\",\"@id\":\"https:\\\/\\\/fernandezywenzel.com\\\/tax-law-department\\\/#breadcrumb\",\"itemListElement\":[{\"@type\":\"ListItem\",\"position\":1,\"name\":\"Home\",\"item\":\"https:\\\/\\\/fernandezywenzel.com\\\/\"},{\"@type\":\"ListItem\",\"position\":2,\"name\":\"Tax Law Department\"}]},{\"@type\":\"WebSite\",\"@id\":\"https:\\\/\\\/fernandezywenzel.com\\\/#website\",\"url\":\"https:\\\/\\\/fernandezywenzel.com\\\/\",\"name\":\"Fern\u00e1ndez &amp; Wenzel\",\"description\":\"\",\"potentialAction\":[{\"@type\":\"SearchAction\",\"target\":{\"@type\":\"EntryPoint\",\"urlTemplate\":\"https:\\\/\\\/fernandezywenzel.com\\\/?s={search_term_string}\"},\"query-input\":{\"@type\":\"PropertyValueSpecification\",\"valueRequired\":true,\"valueName\":\"search_term_string\"}}],\"inLanguage\":\"es-ES\"}]}<\/script>\n<!-- \/ Yoast SEO plugin. -->","yoast_head_json":{"title":"Departamento de Derecho Fiscal - Fern\u00e1ndez &amp; Wenzel","description":"Nuestro equipo fiscal est\u00e1 especializado en navegar por la situaci\u00f3n fiscal de las Islas Canarias, asegur\u00e1ndose de que cumple con todas las leyes fiscales.","robots":{"index":"index","follow":"follow","max-snippet":"max-snippet:-1","max-image-preview":"max-image-preview:large","max-video-preview":"max-video-preview:-1"},"canonical":"https:\/\/fernandezywenzel.com\/es\/departamento-de-derecho-fiscal\/","og_locale":"es_ES","og_type":"article","og_title":"Tax Law Department - Fern\u00e1ndez &amp; Wenzel","og_description":"Our tax team specializes in navigating the tax situation in the Canary Islands, ensuring that you remain in compliance with all tax laws.","og_url":"https:\/\/fernandezywenzel.com\/es\/departamento-de-derecho-fiscal\/","og_site_name":"Fern\u00e1ndez &amp; Wenzel","article_modified_time":"2025-12-19T09:20:19+00:00","og_image":[{"url":"https:\/\/fernandezywenzel.com\/wp-content\/uploads\/2025\/12\/Tax-Law-Department-PAGE-1-min-1-1024x681.jpg","type":"","width":"","height":""}],"twitter_card":"summary_large_image","twitter_misc":{"Est. reading time":"2 minutes"},"schema":{"@context":"https:\/\/schema.org","@graph":[{"@type":"WebPage","@id":"https:\/\/fernandezywenzel.com\/tax-law-department\/","url":"https:\/\/fernandezywenzel.com\/tax-law-department\/","name":"Departamento de Derecho Fiscal - Fern\u00e1ndez &amp; Wenzel","isPartOf":{"@id":"https:\/\/fernandezywenzel.com\/#website"},"primaryImageOfPage":{"@id":"https:\/\/fernandezywenzel.com\/tax-law-department\/#primaryimage"},"image":{"@id":"https:\/\/fernandezywenzel.com\/tax-law-department\/#primaryimage"},"thumbnailUrl":"https:\/\/fernandezywenzel.com\/wp-content\/uploads\/2025\/12\/Tax-Law-Department-PAGE-1-min-1-1024x681.jpg","datePublished":"2025-02-28T11:45:29+00:00","dateModified":"2025-12-19T09:20:19+00:00","description":"Nuestro equipo fiscal est\u00e1 especializado en navegar por la situaci\u00f3n fiscal de las Islas Canarias, asegur\u00e1ndose de que cumple con todas las leyes fiscales.","breadcrumb":{"@id":"https:\/\/fernandezywenzel.com\/tax-law-department\/#breadcrumb"},"inLanguage":"es-ES","potentialAction":[{"@type":"ReadAction","target":["https:\/\/fernandezywenzel.com\/tax-law-department\/"]}]},{"@type":"ImageObject","inLanguage":"es-ES","@id":"https:\/\/fernandezywenzel.com\/tax-law-department\/#primaryimage","url":"https:\/\/fernandezywenzel.com\/wp-content\/uploads\/2025\/12\/Tax-Law-Department-PAGE-1-min-1-1024x681.jpg","contentUrl":"https:\/\/fernandezywenzel.com\/wp-content\/uploads\/2025\/12\/Tax-Law-Department-PAGE-1-min-1-1024x681.jpg"},{"@type":"BreadcrumbList","@id":"https:\/\/fernandezywenzel.com\/tax-law-department\/#breadcrumb","itemListElement":[{"@type":"ListItem","position":1,"name":"Home","item":"https:\/\/fernandezywenzel.com\/"},{"@type":"ListItem","position":2,"name":"Tax Law Department"}]},{"@type":"WebSite","@id":"https:\/\/fernandezywenzel.com\/#website","url":"https:\/\/fernandezywenzel.com\/","name":"Fern\u00e1ndez &amp; Wenzel","description":"","potentialAction":[{"@type":"SearchAction","target":{"@type":"EntryPoint","urlTemplate":"https:\/\/fernandezywenzel.com\/?s={search_term_string}"},"query-input":{"@type":"PropertyValueSpecification","valueRequired":true,"valueName":"search_term_string"}}],"inLanguage":"es-ES"}]}},"_links":{"self":[{"href":"https:\/\/fernandezywenzel.com\/es\/wp-json\/wp\/v2\/pages\/75","targetHints":{"allow":["GET"]}}],"collection":[{"href":"https:\/\/fernandezywenzel.com\/es\/wp-json\/wp\/v2\/pages"}],"about":[{"href":"https:\/\/fernandezywenzel.com\/es\/wp-json\/wp\/v2\/types\/page"}],"author":[{"embeddable":true,"href":"https:\/\/fernandezywenzel.com\/es\/wp-json\/wp\/v2\/users\/1"}],"replies":[{"embeddable":true,"href":"https:\/\/fernandezywenzel.com\/es\/wp-json\/wp\/v2\/comments?post=75"}],"version-history":[{"count":38,"href":"https:\/\/fernandezywenzel.com\/es\/wp-json\/wp\/v2\/pages\/75\/revisions"}],"predecessor-version":[{"id":1329,"href":"https:\/\/fernandezywenzel.com\/es\/wp-json\/wp\/v2\/pages\/75\/revisions\/1329"}],"wp:attachment":[{"href":"https:\/\/fernandezywenzel.com\/es\/wp-json\/wp\/v2\/media?parent=75"}],"curies":[{"name":"wp","href":"https:\/\/api.w.org\/{rel}","templated":true}]}}