{"id":69,"date":"2025-02-28T11:45:14","date_gmt":"2025-02-28T11:45:14","guid":{"rendered":"https:\/\/fernandezywenzel.koawebsites.com\/?page_id=69"},"modified":"2025-05-26T13:30:23","modified_gmt":"2025-05-26T13:30:23","slug":"compra-o-venta-de-inmuebles-en-espana","status":"publish","type":"page","link":"https:\/\/fernandezywenzel.com\/es\/buying-or-selling-property-in-spain\/","title":{"rendered":"Comprar o vender una propiedad en Espa\u00f1a"},"content":{"rendered":"<div data-elementor-type=\"wp-page\" data-elementor-id=\"69\" class=\"elementor elementor-69\" data-elementor-post-type=\"page\">\n\t\t\t\t<div class=\"elementor-element elementor-element-2ee0377 e-flex e-con-boxed elementor-invisible e-con e-parent\" data-id=\"2ee0377\" data-element_type=\"container\" data-e-type=\"container\" data-settings=\"{&quot;background_background&quot;:&quot;classic&quot;,&quot;animation&quot;:&quot;fadeIn&quot;}\">\n\t\t\t\t\t<div class=\"e-con-inner\">\n\t\t<div class=\"elementor-element elementor-element-dad41fd e-con-full e-flex e-con e-child\" data-id=\"dad41fd\" data-element_type=\"container\" data-e-type=\"container\">\n\t\t<div class=\"elementor-element elementor-element-4599ab6 e-con-full e-flex e-con e-child\" data-id=\"4599ab6\" data-element_type=\"container\" data-e-type=\"container\">\n\t\t\t\t<div class=\"elementor-element elementor-element-c1e2183 elementor-widget elementor-widget-image\" data-id=\"c1e2183\" data-element_type=\"widget\" data-e-type=\"widget\" data-widget_type=\"image.default\">\n\t\t\t\t<div class=\"elementor-widget-container\">\n\t\t\t\t\t\t\t\t\t\t\t\t\t\t\t<img fetchpriority=\"high\" decoding=\"async\" width=\"2000\" height=\"1332\" src=\"https:\/\/fernandezywenzel.com\/wp-content\/uploads\/2025\/02\/salesman-hands-house-model-small-toy-house-small-mortgage-property-insurance-concepts-real-estatexa.jpg\" class=\"attachment-full size-full wp-image-104\" alt=\"Manos de vendedor y un peque\u00f1o modelo de casa\" srcset=\"https:\/\/fernandezywenzel.com\/wp-content\/uploads\/2025\/02\/salesman-hands-house-model-small-toy-house-small-mortgage-property-insurance-concepts-real-estatexa.jpg 2000w, https:\/\/fernandezywenzel.com\/wp-content\/uploads\/2025\/02\/salesman-hands-house-model-small-toy-house-small-mortgage-property-insurance-concepts-real-estatexa-300x200.jpg 300w, https:\/\/fernandezywenzel.com\/wp-content\/uploads\/2025\/02\/salesman-hands-house-model-small-toy-house-small-mortgage-property-insurance-concepts-real-estatexa-1024x682.jpg 1024w, https:\/\/fernandezywenzel.com\/wp-content\/uploads\/2025\/02\/salesman-hands-house-model-small-toy-house-small-mortgage-property-insurance-concepts-real-estatexa-768x511.jpg 768w, https:\/\/fernandezywenzel.com\/wp-content\/uploads\/2025\/02\/salesman-hands-house-model-small-toy-house-small-mortgage-property-insurance-concepts-real-estatexa-1536x1023.jpg 1536w\" sizes=\"(max-width: 2000px) 100vw, 2000px\" \/>\t\t\t\t\t\t\t\t\t\t\t\t\t\t\t<\/div>\n\t\t\t\t<\/div>\n\t\t\t\t<\/div>\n\t\t<div class=\"elementor-element elementor-element-12daf57 e-con-full e-flex e-con e-child\" data-id=\"12daf57\" data-element_type=\"container\" data-e-type=\"container\">\n\t\t\t\t<div class=\"elementor-element elementor-element-57e9df5 elementor-widget-divider--view-line_text elementor-widget-divider--element-align-left elementor-widget elementor-widget-divider\" data-id=\"57e9df5\" data-element_type=\"widget\" data-e-type=\"widget\" data-widget_type=\"divider.default\">\n\t\t\t\t<div class=\"elementor-widget-container\">\n\t\t\t\t\t\t\t<div class=\"elementor-divider\">\n\t\t\t<span class=\"elementor-divider-separator\">\n\t\t\t\t\t\t\t<span class=\"elementor-divider__text elementor-divider__element\">\n\t\t\t\t servicio de calidad\t\t\t\t<\/span>\n\t\t\t\t\t\t<\/span>\n\t\t<\/div>\n\t\t\t\t\t\t<\/div>\n\t\t\t\t<\/div>\n\t\t\t\t<div class=\"elementor-element elementor-element-203586c elementor-widget__width-inherit elementor-widget elementor-widget-heading\" data-id=\"203586c\" data-element_type=\"widget\" data-e-type=\"widget\" data-widget_type=\"heading.default\">\n\t\t\t\t<div class=\"elementor-widget-container\">\n\t\t\t\t\t<h1 class=\"elementor-heading-title elementor-size-default\">Comprar o vender una propiedad en Espa\u00f1a<\/h1>\t\t\t\t<\/div>\n\t\t\t\t<\/div>\n\t\t\t\t<div class=\"elementor-element elementor-element-0a27d6f kv-list-1 elementor-widget elementor-widget-text-editor\" data-id=\"0a27d6f\" data-element_type=\"widget\" data-e-type=\"widget\" data-widget_type=\"text-editor.default\">\n\t\t\t\t<div class=\"elementor-widget-container\">\n\t\t\t\t\t\t\t\t\t<p>En Fern\u00e1ndez &amp; Wenzel, ofrecemos servicios expertos de asesoramiento legal y fiscal para guiarle a trav\u00e9s de la compra, venta, donaci\u00f3n o herencia de propiedades en Espa\u00f1a, garantizando un proceso seguro y sin complicaciones.<\/p>\n<p>La compra de una propiedad en Lanzarote o en cualquier otro lugar de las Islas Canarias requiere un conocimiento exhaustivo de las leyes, reglamentos y c\u00f3digos fiscales tanto federales como locales. Nuestro equipo se asegura de que las transacciones inmobiliarias se procesen de la forma m\u00e1s fluida y eficiente posible, manteniendo el cumplimiento de la normativa aplicable.<\/p>\n<p><strong>Nuestros servicios incluyen:<\/strong><\/p>\t\t\t\t\t\t\t\t<\/div>\n\t\t\t\t<\/div>\n\t\t\t\t<div class=\"elementor-element elementor-element-21b6969 kv-list-1 elementor-widget elementor-widget-text-editor\" data-id=\"21b6969\" data-element_type=\"widget\" data-e-type=\"widget\" data-widget_type=\"text-editor.default\">\n\t\t\t\t<div class=\"elementor-widget-container\">\n\t\t\t\t\t\t\t\t\t<ul><li style=\"font-weight: 400;\" aria-level=\"1\">Redacci\u00f3n y revisi\u00f3n de contratos<\/li><li style=\"font-weight: 400;\" aria-level=\"1\">Asistencia con el N\u00famero de Identificaci\u00f3n de Extranjero (NIE) y los impuestos<br \/>inscripci\u00f3n<\/li><li style=\"font-weight: 400;\" aria-level=\"1\">Coordinaci\u00f3n con los notarios y el registro de la propiedad<\/li><li style=\"font-weight: 400;\" aria-level=\"1\">Asesoramiento fiscal y financiero para transacciones inmobiliarias<\/li><\/ul>\t\t\t\t\t\t\t\t<\/div>\n\t\t\t\t<\/div>\n\t\t\t\t<div class=\"elementor-element elementor-element-496ca37 kv-list-1 elementor-widget elementor-widget-text-editor\" data-id=\"496ca37\" data-element_type=\"widget\" data-e-type=\"widget\" data-widget_type=\"text-editor.default\">\n\t\t\t\t<div class=\"elementor-widget-container\">\n\t\t\t\t\t\t\t\t\t<p>Ya se trate de la compra de una vivienda vacacional, de una inversi\u00f3n inmobiliaria, de la tramitaci\u00f3n de herencias o donaciones, de la redacci\u00f3n de \u00faltimas voluntades o del establecimiento de su residencia en Espa\u00f1a, nuestro equipo le facilitar\u00e1 una transacci\u00f3n fluida con plena protecci\u00f3n jur\u00eddica.<\/p><p>Adaptamos nuestros servicios jur\u00eddicos y fiscales a las necesidades espec\u00edficas de nuestros clientes, garantizando que se ajusten a los requisitos exclusivos de cada operaci\u00f3n.<\/p><p><strong>P\u00f3ngase en contacto con nosotros hoy mismo para obtener asistencia profesional en la compra de su nueva propiedad en Espa\u00f1a.<\/strong><\/p>\t\t\t\t\t\t\t\t<\/div>\n\t\t\t\t<\/div>\n\t\t\t\t<div class=\"elementor-element elementor-element-9f5707f elementor-widget-laptop__width-auto elementor-mobile-align-left elementor-widget-mobile__width-auto elementor-widget elementor-widget-button\" data-id=\"9f5707f\" data-element_type=\"widget\" data-e-type=\"widget\" data-widget_type=\"button.default\">\n\t\t\t\t<div class=\"elementor-widget-container\">\n\t\t\t\t\t\t\t\t\t<div class=\"elementor-button-wrapper\">\n\t\t\t\t\t<a class=\"elementor-button elementor-button-link elementor-size-sm\" href=\"https:\/\/fernandezywenzel.com\/es\/contacto\/\">\n\t\t\t\t\t\t<span class=\"elementor-button-content-wrapper\">\n\t\t\t\t\t\t\t\t\t<span class=\"elementor-button-text\">P\u00f3ngase en contacto con nosotros <\/span>\n\t\t\t\t\t<\/span>\n\t\t\t\t\t<\/a>\n\t\t\t\t<\/div>\n\t\t\t\t\t\t\t\t<\/div>\n\t\t\t\t<\/div>\n\t\t\t\t<\/div>\n\t\t<div class=\"elementor-element elementor-element-75e268c e-con-full e-flex e-con e-child\" data-id=\"75e268c\" data-element_type=\"container\" data-e-type=\"container\">\n\t\t\t\t<div class=\"elementor-element elementor-element-bc3de32 kv-list-1 elementor-widget elementor-widget-text-editor\" data-id=\"bc3de32\" data-element_type=\"widget\" data-e-type=\"widget\" data-widget_type=\"text-editor.default\">\n\t\t\t\t<div class=\"elementor-widget-container\">\n\t\t\t\t\t\t\t\t\t<p>\u00a0unque el proceso de compraventa de propiedades en las Islas Canarias es bastante similar al del resto de Espa\u00f1a, hay algunos matices que es importante tener en cuenta. Esto es especialmente cierto para los ciudadanos no comunitarios o aquellos que buscan comprar o vender propiedades en zonas protegidas o zonas militares.<\/p><p>Nuestro equipo de expertos legales entiende el mercado inmobiliario local y el proceso de venta y le ayudar\u00e1 a facilitar una transacci\u00f3n fluida y exitosa, ya sea que est\u00e9 comprando o vendiendo una propiedad.<\/p>\t\t\t\t\t\t\t\t<\/div>\n\t\t\t\t<\/div>\n\t\t\t\t<\/div>\n\t\t\t\t<\/div>\n\t\t\t\t\t<\/div>\n\t\t\t\t<\/div>\n\t\t\t\t<\/div>","protected":false},"excerpt":{"rendered":"<p>quality service At Fern\u00e1ndez &amp;amp; Wenzel, we provide expert legal and tax advisory services to guide you through the purchase, sale, donation, or inheritance of property in Spain, ensuring a secure and hassle-free process. Buying property on Lanzarote or elsewhere in the Canary Islands requires a comprehensive understanding of both federal and local laws, regulations, [&hellip;]<\/p>\n","protected":false},"author":1,"featured_media":0,"parent":0,"menu_order":0,"comment_status":"closed","ping_status":"closed","template":"elementor_header_footer","meta":{"footnotes":""},"class_list":["post-69","page","type-page","status-publish","hentry"],"yoast_head":"<!-- This site is optimized with the Yoast SEO plugin v27.3 - https:\/\/yoast.com\/product\/yoast-seo-wordpress\/ -->\n<title>Buying or selling Property in Spain - Fern\u00e1ndez &amp; Wenzel<\/title>\n<meta name=\"description\" content=\"We provide expert legal and tax advisory services to guide you through the purchase, sale, donation, or inheritance of property in Spain.\" \/>\n<meta name=\"robots\" content=\"index, follow, max-snippet:-1, max-image-preview:large, max-video-preview:-1\" \/>\n<link rel=\"canonical\" href=\"https:\/\/fernandezywenzel.com\/es\/compra-o-venta-de-inmuebles-en-espana\/\" \/>\n<meta property=\"og:locale\" content=\"es_ES\" \/>\n<meta property=\"og:type\" content=\"article\" \/>\n<meta property=\"og:title\" content=\"Buying or selling Property in Spain - Fern\u00e1ndez &amp; Wenzel\" \/>\n<meta property=\"og:description\" content=\"We provide expert legal and tax advisory services to guide you through the purchase, sale, donation, or inheritance of property in Spain.\" \/>\n<meta property=\"og:url\" content=\"https:\/\/fernandezywenzel.com\/es\/compra-o-venta-de-inmuebles-en-espana\/\" \/>\n<meta property=\"og:site_name\" content=\"Fern\u00e1ndez &amp; Wenzel\" \/>\n<meta property=\"article:modified_time\" content=\"2025-05-26T13:30:23+00:00\" \/>\n<meta property=\"og:image\" content=\"https:\/\/fernandezywenzel.koawebsites.com\/wp-content\/uploads\/2025\/02\/salesman-hands-house-model-small-toy-house-small-mortgage-property-insurance-concepts-real-estatexa.jpg\" \/>\n<meta name=\"twitter:card\" content=\"summary_large_image\" \/>\n<meta name=\"twitter:label1\" content=\"Est. reading time\" \/>\n\t<meta name=\"twitter:data1\" content=\"2 minutes\" \/>\n<script type=\"application\/ld+json\" class=\"yoast-schema-graph\">{\"@context\":\"https:\\\/\\\/schema.org\",\"@graph\":[{\"@type\":\"WebPage\",\"@id\":\"https:\\\/\\\/fernandezywenzel.com\\\/buying-or-selling-property-in-spain\\\/\",\"url\":\"https:\\\/\\\/fernandezywenzel.com\\\/buying-or-selling-property-in-spain\\\/\",\"name\":\"Buying or selling Property in Spain - Fern\u00e1ndez &amp; Wenzel\",\"isPartOf\":{\"@id\":\"https:\\\/\\\/fernandezywenzel.com\\\/#website\"},\"primaryImageOfPage\":{\"@id\":\"https:\\\/\\\/fernandezywenzel.com\\\/buying-or-selling-property-in-spain\\\/#primaryimage\"},\"image\":{\"@id\":\"https:\\\/\\\/fernandezywenzel.com\\\/buying-or-selling-property-in-spain\\\/#primaryimage\"},\"thumbnailUrl\":\"https:\\\/\\\/fernandezywenzel.koawebsites.com\\\/wp-content\\\/uploads\\\/2025\\\/02\\\/salesman-hands-house-model-small-toy-house-small-mortgage-property-insurance-concepts-real-estatexa.jpg\",\"datePublished\":\"2025-02-28T11:45:14+00:00\",\"dateModified\":\"2025-05-26T13:30:23+00:00\",\"description\":\"We provide expert legal and tax advisory services to guide you through the purchase, sale, donation, or inheritance of property in Spain.\",\"breadcrumb\":{\"@id\":\"https:\\\/\\\/fernandezywenzel.com\\\/buying-or-selling-property-in-spain\\\/#breadcrumb\"},\"inLanguage\":\"es-ES\",\"potentialAction\":[{\"@type\":\"ReadAction\",\"target\":[\"https:\\\/\\\/fernandezywenzel.com\\\/buying-or-selling-property-in-spain\\\/\"]}]},{\"@type\":\"ImageObject\",\"inLanguage\":\"es-ES\",\"@id\":\"https:\\\/\\\/fernandezywenzel.com\\\/buying-or-selling-property-in-spain\\\/#primaryimage\",\"url\":\"https:\\\/\\\/fernandezywenzel.koawebsites.com\\\/wp-content\\\/uploads\\\/2025\\\/02\\\/salesman-hands-house-model-small-toy-house-small-mortgage-property-insurance-concepts-real-estatexa.jpg\",\"contentUrl\":\"https:\\\/\\\/fernandezywenzel.koawebsites.com\\\/wp-content\\\/uploads\\\/2025\\\/02\\\/salesman-hands-house-model-small-toy-house-small-mortgage-property-insurance-concepts-real-estatexa.jpg\"},{\"@type\":\"BreadcrumbList\",\"@id\":\"https:\\\/\\\/fernandezywenzel.com\\\/buying-or-selling-property-in-spain\\\/#breadcrumb\",\"itemListElement\":[{\"@type\":\"ListItem\",\"position\":1,\"name\":\"Home\",\"item\":\"https:\\\/\\\/fernandezywenzel.com\\\/\"},{\"@type\":\"ListItem\",\"position\":2,\"name\":\"Buying or selling Property in Spain\"}]},{\"@type\":\"WebSite\",\"@id\":\"https:\\\/\\\/fernandezywenzel.com\\\/#website\",\"url\":\"https:\\\/\\\/fernandezywenzel.com\\\/\",\"name\":\"Fern\u00e1ndez &amp; Wenzel\",\"description\":\"\",\"potentialAction\":[{\"@type\":\"SearchAction\",\"target\":{\"@type\":\"EntryPoint\",\"urlTemplate\":\"https:\\\/\\\/fernandezywenzel.com\\\/?s={search_term_string}\"},\"query-input\":{\"@type\":\"PropertyValueSpecification\",\"valueRequired\":true,\"valueName\":\"search_term_string\"}}],\"inLanguage\":\"es-ES\"}]}<\/script>\n<!-- \/ Yoast SEO plugin. -->","yoast_head_json":{"title":"Comprar o vender una propiedad en Espa\u00f1a - Fern\u00e1ndez &amp; Wenzel","description":"Proporcionamos servicios expertos de asesoramiento legal y fiscal para guiarle en la compra, venta, donaci\u00f3n o herencia de propiedades en Espa\u00f1a.","robots":{"index":"index","follow":"follow","max-snippet":"max-snippet:-1","max-image-preview":"max-image-preview:large","max-video-preview":"max-video-preview:-1"},"canonical":"https:\/\/fernandezywenzel.com\/es\/compra-o-venta-de-inmuebles-en-espana\/","og_locale":"es_ES","og_type":"article","og_title":"Buying or selling Property in Spain - Fern\u00e1ndez &amp; Wenzel","og_description":"We provide expert legal and tax advisory services to guide you through the purchase, sale, donation, or inheritance of property in Spain.","og_url":"https:\/\/fernandezywenzel.com\/es\/compra-o-venta-de-inmuebles-en-espana\/","og_site_name":"Fern\u00e1ndez &amp; Wenzel","article_modified_time":"2025-05-26T13:30:23+00:00","og_image":[{"url":"https:\/\/fernandezywenzel.koawebsites.com\/wp-content\/uploads\/2025\/02\/salesman-hands-house-model-small-toy-house-small-mortgage-property-insurance-concepts-real-estatexa.jpg","type":"","width":"","height":""}],"twitter_card":"summary_large_image","twitter_misc":{"Est. reading time":"2 minutes"},"schema":{"@context":"https:\/\/schema.org","@graph":[{"@type":"WebPage","@id":"https:\/\/fernandezywenzel.com\/buying-or-selling-property-in-spain\/","url":"https:\/\/fernandezywenzel.com\/buying-or-selling-property-in-spain\/","name":"Comprar o vender una propiedad en Espa\u00f1a - Fern\u00e1ndez &amp; Wenzel","isPartOf":{"@id":"https:\/\/fernandezywenzel.com\/#website"},"primaryImageOfPage":{"@id":"https:\/\/fernandezywenzel.com\/buying-or-selling-property-in-spain\/#primaryimage"},"image":{"@id":"https:\/\/fernandezywenzel.com\/buying-or-selling-property-in-spain\/#primaryimage"},"thumbnailUrl":"https:\/\/fernandezywenzel.koawebsites.com\/wp-content\/uploads\/2025\/02\/salesman-hands-house-model-small-toy-house-small-mortgage-property-insurance-concepts-real-estatexa.jpg","datePublished":"2025-02-28T11:45:14+00:00","dateModified":"2025-05-26T13:30:23+00:00","description":"Proporcionamos servicios expertos de asesoramiento legal y fiscal para guiarle en la compra, venta, donaci\u00f3n o herencia de propiedades en Espa\u00f1a.","breadcrumb":{"@id":"https:\/\/fernandezywenzel.com\/buying-or-selling-property-in-spain\/#breadcrumb"},"inLanguage":"es-ES","potentialAction":[{"@type":"ReadAction","target":["https:\/\/fernandezywenzel.com\/buying-or-selling-property-in-spain\/"]}]},{"@type":"ImageObject","inLanguage":"es-ES","@id":"https:\/\/fernandezywenzel.com\/buying-or-selling-property-in-spain\/#primaryimage","url":"https:\/\/fernandezywenzel.koawebsites.com\/wp-content\/uploads\/2025\/02\/salesman-hands-house-model-small-toy-house-small-mortgage-property-insurance-concepts-real-estatexa.jpg","contentUrl":"https:\/\/fernandezywenzel.koawebsites.com\/wp-content\/uploads\/2025\/02\/salesman-hands-house-model-small-toy-house-small-mortgage-property-insurance-concepts-real-estatexa.jpg"},{"@type":"BreadcrumbList","@id":"https:\/\/fernandezywenzel.com\/buying-or-selling-property-in-spain\/#breadcrumb","itemListElement":[{"@type":"ListItem","position":1,"name":"Home","item":"https:\/\/fernandezywenzel.com\/"},{"@type":"ListItem","position":2,"name":"Buying or selling Property in Spain"}]},{"@type":"WebSite","@id":"https:\/\/fernandezywenzel.com\/#website","url":"https:\/\/fernandezywenzel.com\/","name":"Fern\u00e1ndez &amp; Wenzel","description":"","potentialAction":[{"@type":"SearchAction","target":{"@type":"EntryPoint","urlTemplate":"https:\/\/fernandezywenzel.com\/?s={search_term_string}"},"query-input":{"@type":"PropertyValueSpecification","valueRequired":true,"valueName":"search_term_string"}}],"inLanguage":"es-ES"}]}},"_links":{"self":[{"href":"https:\/\/fernandezywenzel.com\/es\/wp-json\/wp\/v2\/pages\/69","targetHints":{"allow":["GET"]}}],"collection":[{"href":"https:\/\/fernandezywenzel.com\/es\/wp-json\/wp\/v2\/pages"}],"about":[{"href":"https:\/\/fernandezywenzel.com\/es\/wp-json\/wp\/v2\/types\/page"}],"author":[{"embeddable":true,"href":"https:\/\/fernandezywenzel.com\/es\/wp-json\/wp\/v2\/users\/1"}],"replies":[{"embeddable":true,"href":"https:\/\/fernandezywenzel.com\/es\/wp-json\/wp\/v2\/comments?post=69"}],"version-history":[{"count":41,"href":"https:\/\/fernandezywenzel.com\/es\/wp-json\/wp\/v2\/pages\/69\/revisions"}],"predecessor-version":[{"id":1253,"href":"https:\/\/fernandezywenzel.com\/es\/wp-json\/wp\/v2\/pages\/69\/revisions\/1253"}],"wp:attachment":[{"href":"https:\/\/fernandezywenzel.com\/es\/wp-json\/wp\/v2\/media?parent=69"}],"curies":[{"name":"wp","href":"https:\/\/api.w.org\/{rel}","templated":true}]}}