{"id":54,"date":"2025-02-28T11:44:06","date_gmt":"2025-02-28T11:44:06","guid":{"rendered":"https:\/\/fernandezywenzel.koawebsites.com\/?page_id=54"},"modified":"2025-12-19T09:21:19","modified_gmt":"2025-12-19T09:21:19","slug":"acerca-de-nosotros","status":"publish","type":"page","link":"https:\/\/fernandezywenzel.com\/es\/about-us\/","title":{"rendered":"Qui\u00e9nes somos"},"content":{"rendered":"<div data-elementor-type=\"wp-page\" data-elementor-id=\"54\" class=\"elementor elementor-54\" data-elementor-post-type=\"page\">\n\t\t\t\t<div class=\"elementor-element elementor-element-1504bc3 e-flex e-con-boxed elementor-invisible e-con e-parent\" data-id=\"1504bc3\" data-element_type=\"container\" data-e-type=\"container\" data-settings=\"{&quot;background_background&quot;:&quot;classic&quot;,&quot;animation&quot;:&quot;fadeIn&quot;}\">\n\t\t\t\t\t<div class=\"e-con-inner\">\n\t\t<div class=\"elementor-element elementor-element-348889b e-con-full e-flex e-con e-child\" data-id=\"348889b\" data-element_type=\"container\" data-e-type=\"container\">\n\t\t<div class=\"elementor-element elementor-element-09a9845 e-con-full e-flex e-con e-child\" data-id=\"09a9845\" data-element_type=\"container\" data-e-type=\"container\">\n\t\t\t\t<div class=\"elementor-element elementor-element-33b56e1 elementor-hidden-tablet elementor-hidden-mobile elementor-widget elementor-widget-image\" data-id=\"33b56e1\" data-element_type=\"widget\" data-e-type=\"widget\" data-widget_type=\"image.default\">\n\t\t\t\t<div class=\"elementor-widget-container\">\n\t\t\t\t\t\t\t\t\t\t\t\t\t\t\t<img fetchpriority=\"high\" decoding=\"async\" width=\"1600\" height=\"1066\" src=\"https:\/\/fernandezywenzel.com\/wp-content\/uploads\/2025\/03\/PHOTO-FW-16-New.jpg\" class=\"attachment-full size-full wp-image-733\" alt=\"Felipe Fern\u00e1ndez de las Heras y Sandra Wenzel\" srcset=\"https:\/\/fernandezywenzel.com\/wp-content\/uploads\/2025\/03\/PHOTO-FW-16-New.jpg 1600w, https:\/\/fernandezywenzel.com\/wp-content\/uploads\/2025\/03\/PHOTO-FW-16-New-300x200.jpg 300w, https:\/\/fernandezywenzel.com\/wp-content\/uploads\/2025\/03\/PHOTO-FW-16-New-1024x682.jpg 1024w, https:\/\/fernandezywenzel.com\/wp-content\/uploads\/2025\/03\/PHOTO-FW-16-New-768x512.jpg 768w, https:\/\/fernandezywenzel.com\/wp-content\/uploads\/2025\/03\/PHOTO-FW-16-New-1536x1023.jpg 1536w, https:\/\/fernandezywenzel.com\/wp-content\/uploads\/2025\/03\/PHOTO-FW-16-New-18x12.jpg 18w\" sizes=\"(max-width: 1600px) 100vw, 1600px\" \/>\t\t\t\t\t\t\t\t\t\t\t\t\t\t\t<\/div>\n\t\t\t\t<\/div>\n\t\t\t\t<div class=\"elementor-element elementor-element-6686887 elementor-widget elementor-widget-image\" data-id=\"6686887\" data-element_type=\"widget\" data-e-type=\"widget\" data-widget_type=\"image.default\">\n\t\t\t\t<div class=\"elementor-widget-container\">\n\t\t\t\t\t\t\t\t\t\t\t\t\t\t\t<img decoding=\"async\" width=\"1200\" height=\"799\" src=\"https:\/\/fernandezywenzel.com\/wp-content\/uploads\/2025\/12\/Homepage-Get-to-Know-Us-and-About-us-PAGES-min-1.jpg\" class=\"attachment-full size-full wp-image-1308\" alt=\"\" srcset=\"https:\/\/fernandezywenzel.com\/wp-content\/uploads\/2025\/12\/Homepage-Get-to-Know-Us-and-About-us-PAGES-min-1.jpg 1200w, https:\/\/fernandezywenzel.com\/wp-content\/uploads\/2025\/12\/Homepage-Get-to-Know-Us-and-About-us-PAGES-min-1-300x200.jpg 300w, https:\/\/fernandezywenzel.com\/wp-content\/uploads\/2025\/12\/Homepage-Get-to-Know-Us-and-About-us-PAGES-min-1-1024x682.jpg 1024w, https:\/\/fernandezywenzel.com\/wp-content\/uploads\/2025\/12\/Homepage-Get-to-Know-Us-and-About-us-PAGES-min-1-768x511.jpg 768w, https:\/\/fernandezywenzel.com\/wp-content\/uploads\/2025\/12\/Homepage-Get-to-Know-Us-and-About-us-PAGES-min-1-18x12.jpg 18w\" sizes=\"(max-width: 1200px) 100vw, 1200px\" \/>\t\t\t\t\t\t\t\t\t\t\t\t\t\t\t<\/div>\n\t\t\t\t<\/div>\n\t\t\t\t<\/div>\n\t\t<div class=\"elementor-element elementor-element-bdc4150 e-con-full e-flex e-con e-child\" data-id=\"bdc4150\" data-element_type=\"container\" data-e-type=\"container\">\n\t\t\t\t<div class=\"elementor-element elementor-element-e1c0e0d elementor-widget-divider--view-line_text elementor-widget-divider--element-align-left elementor-widget elementor-widget-divider\" data-id=\"e1c0e0d\" data-element_type=\"widget\" data-e-type=\"widget\" data-widget_type=\"divider.default\">\n\t\t\t\t<div class=\"elementor-widget-container\">\n\t\t\t\t\t\t\t<div class=\"elementor-divider\">\n\t\t\t<span class=\"elementor-divider-separator\">\n\t\t\t\t\t\t\t<span class=\"elementor-divider__text elementor-divider__element\">\n\t\t\t\tQui\u00e9nes somos\t\t\t\t<\/span>\n\t\t\t\t\t\t<\/span>\n\t\t<\/div>\n\t\t\t\t\t\t<\/div>\n\t\t\t\t<\/div>\n\t\t\t\t<div class=\"elementor-element elementor-element-b04b83d elementor-widget__width-inherit elementor-widget elementor-widget-heading\" data-id=\"b04b83d\" data-element_type=\"widget\" data-e-type=\"widget\" data-widget_type=\"heading.default\">\n\t\t\t\t<div class=\"elementor-widget-container\">\n\t\t\t\t\t<h1 class=\"elementor-heading-title elementor-size-default\">Qui\u00e9nes somos<\/h1>\t\t\t\t<\/div>\n\t\t\t\t<\/div>\n\t\t\t\t<div class=\"elementor-element elementor-element-264604e kv-list-1 elementor-widget elementor-widget-text-editor\" data-id=\"264604e\" data-element_type=\"widget\" data-e-type=\"widget\" data-widget_type=\"text-editor.default\">\n\t\t\t\t<div class=\"elementor-widget-container\">\n\t\t\t\t\t\t\t\t\t<p>Fern\u00e1ndez &amp; Wenzel es su bufete de abogados y equipo de asesoramiento fiscal de confianza para la compra de una propiedad o la puesta en marcha de un negocio en Lanzarote. Con m\u00e1s de 15 a\u00f1os de experiencia en el sector, proporcionamos asesoramiento legal y fiscal experto adaptado a sus necesidades individuales.<\/p><p>Nuestros equipos jur\u00eddicos y financieros personalizados garantizan un proceso fluido y eficaz, tanto si est\u00e1 comprando una vivienda, tramitando una herencia o inici\u00e1ndose como empresario en esta hermosa isla.<\/p><p>En Fern\u00e1ndez &amp; Wenzel, aprovechamos las tecnolog\u00edas innovadoras y modernas para agilizar nuestros servicios de asesoramiento jur\u00eddico y fiscal, que est\u00e1n disponibles tanto en l\u00ednea como en persona. Entendemos los retos y matices de hacer negocios en las Islas Canarias, y le proporcionamos los conocimientos y herramientas que necesita para tener \u00e9xito.<\/p><p>Nuestros servicios de probada eficacia incluyen:<\/p><ul><li>Asesoramiento jur\u00eddico y fiscal especializado<\/li><li>100% acceso en l\u00ednea para su comodidad<\/li><li>Experiencia y fiabilidad para invertir en Lanzarote<\/li><\/ul><p>Ahorre tiempo y dinero con un plan personalizado dise\u00f1ado en funci\u00f3n de sus necesidades espec\u00edficas. P\u00f3ngase en contacto con nosotros hoy mismo para obtener asesoramiento y orientaci\u00f3n profesional, y empezar a comprar la propiedad de sus sue\u00f1os o establecer el pr\u00f3ximo negocio de \u00e9xito de la isla.<\/p>\t\t\t\t\t\t\t\t<\/div>\n\t\t\t\t<\/div>\n\t\t\t\t<div class=\"elementor-element elementor-element-a6b6377 elementor-widget-laptop__width-auto elementor-mobile-align-left elementor-widget-mobile__width-auto elementor-align-left elementor-widget elementor-widget-button\" data-id=\"a6b6377\" data-element_type=\"widget\" data-e-type=\"widget\" data-widget_type=\"button.default\">\n\t\t\t\t<div class=\"elementor-widget-container\">\n\t\t\t\t\t\t\t\t\t<div class=\"elementor-button-wrapper\">\n\t\t\t\t\t<a class=\"elementor-button elementor-button-link elementor-size-sm\" href=\"https:\/\/fernandezywenzel.com\/es\/contacto\/\">\n\t\t\t\t\t\t<span class=\"elementor-button-content-wrapper\">\n\t\t\t\t\t\t\t\t\t<span class=\"elementor-button-text\">P\u00f3ngase en contacto con nosotros<\/span>\n\t\t\t\t\t<\/span>\n\t\t\t\t\t<\/a>\n\t\t\t\t<\/div>\n\t\t\t\t\t\t\t\t<\/div>\n\t\t\t\t<\/div>\n\t\t\t\t<\/div>\n\t\t\t\t<\/div>\n\t\t\t\t\t<\/div>\n\t\t\t\t<\/div>\n\t\t\t\t<\/div>","protected":false},"excerpt":{"rendered":"<p>Who we are About Us Fern\u00e1ndez &amp; Wenzel is your trusted law firm and tax advisory team for purchasing property or starting a business in Lanzarote. With over 15 years\u2019 experience in the industry, we provide expert legal and fiscal advice tailored to your individual needs. Our personalized legal and financial teams ensure a smooth [&hellip;]<\/p>\n","protected":false},"author":1,"featured_media":0,"parent":0,"menu_order":0,"comment_status":"closed","ping_status":"closed","template":"elementor_header_footer","meta":{"footnotes":""},"class_list":["post-54","page","type-page","status-publish","hentry"],"yoast_head":"<!-- This site is optimized with the Yoast SEO plugin v27.3 - https:\/\/yoast.com\/product\/yoast-seo-wordpress\/ -->\n<title>About Us - Fern\u00e1ndez &amp; Wenzel<\/title>\n<meta name=\"description\" content=\"With over 15 years\u2019 experience in the industry, we provide expert legal and fiscal advice tailored to your individual needs.\" \/>\n<meta name=\"robots\" content=\"index, follow, max-snippet:-1, max-image-preview:large, max-video-preview:-1\" \/>\n<link rel=\"canonical\" href=\"https:\/\/fernandezywenzel.com\/es\/acerca-de-nosotros\/\" \/>\n<meta property=\"og:locale\" content=\"es_ES\" \/>\n<meta property=\"og:type\" content=\"article\" \/>\n<meta property=\"og:title\" content=\"About Us - Fern\u00e1ndez &amp; Wenzel\" \/>\n<meta property=\"og:description\" content=\"With over 15 years\u2019 experience in the industry, we provide expert legal and fiscal advice tailored to your individual needs.\" \/>\n<meta property=\"og:url\" content=\"https:\/\/fernandezywenzel.com\/es\/acerca-de-nosotros\/\" \/>\n<meta property=\"og:site_name\" content=\"Fern\u00e1ndez &amp; Wenzel\" \/>\n<meta property=\"article:modified_time\" content=\"2025-12-19T09:21:19+00:00\" \/>\n<meta property=\"og:image\" content=\"https:\/\/fernandezywenzel.com\/wp-content\/uploads\/2025\/03\/PHOTO-FW-16-New.jpg\" \/>\n\t<meta property=\"og:image:width\" content=\"1600\" \/>\n\t<meta property=\"og:image:height\" content=\"1066\" \/>\n\t<meta property=\"og:image:type\" content=\"image\/jpeg\" \/>\n<meta name=\"twitter:card\" content=\"summary_large_image\" \/>\n<meta name=\"twitter:label1\" content=\"Est. reading time\" \/>\n\t<meta name=\"twitter:data1\" content=\"2 minutes\" \/>\n<script type=\"application\/ld+json\" class=\"yoast-schema-graph\">{\"@context\":\"https:\\\/\\\/schema.org\",\"@graph\":[{\"@type\":\"WebPage\",\"@id\":\"https:\\\/\\\/fernandezywenzel.com\\\/about-us\\\/\",\"url\":\"https:\\\/\\\/fernandezywenzel.com\\\/about-us\\\/\",\"name\":\"About Us - Fern\u00e1ndez &amp; Wenzel\",\"isPartOf\":{\"@id\":\"https:\\\/\\\/fernandezywenzel.com\\\/#website\"},\"primaryImageOfPage\":{\"@id\":\"https:\\\/\\\/fernandezywenzel.com\\\/about-us\\\/#primaryimage\"},\"image\":{\"@id\":\"https:\\\/\\\/fernandezywenzel.com\\\/about-us\\\/#primaryimage\"},\"thumbnailUrl\":\"https:\\\/\\\/fernandezywenzel.com\\\/wp-content\\\/uploads\\\/2025\\\/03\\\/PHOTO-FW-16-New.jpg\",\"datePublished\":\"2025-02-28T11:44:06+00:00\",\"dateModified\":\"2025-12-19T09:21:19+00:00\",\"description\":\"With over 15 years\u2019 experience in the industry, we provide expert legal and fiscal advice tailored to your individual needs.\",\"breadcrumb\":{\"@id\":\"https:\\\/\\\/fernandezywenzel.com\\\/about-us\\\/#breadcrumb\"},\"inLanguage\":\"es-ES\",\"potentialAction\":[{\"@type\":\"ReadAction\",\"target\":[\"https:\\\/\\\/fernandezywenzel.com\\\/about-us\\\/\"]}]},{\"@type\":\"ImageObject\",\"inLanguage\":\"es-ES\",\"@id\":\"https:\\\/\\\/fernandezywenzel.com\\\/about-us\\\/#primaryimage\",\"url\":\"https:\\\/\\\/fernandezywenzel.com\\\/wp-content\\\/uploads\\\/2025\\\/03\\\/PHOTO-FW-16-New.jpg\",\"contentUrl\":\"https:\\\/\\\/fernandezywenzel.com\\\/wp-content\\\/uploads\\\/2025\\\/03\\\/PHOTO-FW-16-New.jpg\"},{\"@type\":\"BreadcrumbList\",\"@id\":\"https:\\\/\\\/fernandezywenzel.com\\\/about-us\\\/#breadcrumb\",\"itemListElement\":[{\"@type\":\"ListItem\",\"position\":1,\"name\":\"Home\",\"item\":\"https:\\\/\\\/fernandezywenzel.com\\\/\"},{\"@type\":\"ListItem\",\"position\":2,\"name\":\"About Us\"}]},{\"@type\":\"WebSite\",\"@id\":\"https:\\\/\\\/fernandezywenzel.com\\\/#website\",\"url\":\"https:\\\/\\\/fernandezywenzel.com\\\/\",\"name\":\"Fern\u00e1ndez &amp; Wenzel\",\"description\":\"\",\"potentialAction\":[{\"@type\":\"SearchAction\",\"target\":{\"@type\":\"EntryPoint\",\"urlTemplate\":\"https:\\\/\\\/fernandezywenzel.com\\\/?s={search_term_string}\"},\"query-input\":{\"@type\":\"PropertyValueSpecification\",\"valueRequired\":true,\"valueName\":\"search_term_string\"}}],\"inLanguage\":\"es-ES\"}]}<\/script>\n<!-- \/ Yoast SEO plugin. -->","yoast_head_json":{"title":"Qui\u00e9nes somos - Fern\u00e1ndez &amp; Wenzel","description":"Con m\u00e1s de 15 a\u00f1os de experiencia en el sector, proporcionamos asesoramiento jur\u00eddico y fiscal experto adaptado a sus necesidades individuales.","robots":{"index":"index","follow":"follow","max-snippet":"max-snippet:-1","max-image-preview":"max-image-preview:large","max-video-preview":"max-video-preview:-1"},"canonical":"https:\/\/fernandezywenzel.com\/es\/acerca-de-nosotros\/","og_locale":"es_ES","og_type":"article","og_title":"About Us - Fern\u00e1ndez &amp; Wenzel","og_description":"With over 15 years\u2019 experience in the industry, we provide expert legal and fiscal advice tailored to your individual needs.","og_url":"https:\/\/fernandezywenzel.com\/es\/acerca-de-nosotros\/","og_site_name":"Fern\u00e1ndez &amp; Wenzel","article_modified_time":"2025-12-19T09:21:19+00:00","og_image":[{"width":1600,"height":1066,"url":"https:\/\/fernandezywenzel.com\/wp-content\/uploads\/2025\/03\/PHOTO-FW-16-New.jpg","type":"image\/jpeg"}],"twitter_card":"summary_large_image","twitter_misc":{"Est. reading time":"2 minutes"},"schema":{"@context":"https:\/\/schema.org","@graph":[{"@type":"WebPage","@id":"https:\/\/fernandezywenzel.com\/about-us\/","url":"https:\/\/fernandezywenzel.com\/about-us\/","name":"Qui\u00e9nes somos - Fern\u00e1ndez &amp; Wenzel","isPartOf":{"@id":"https:\/\/fernandezywenzel.com\/#website"},"primaryImageOfPage":{"@id":"https:\/\/fernandezywenzel.com\/about-us\/#primaryimage"},"image":{"@id":"https:\/\/fernandezywenzel.com\/about-us\/#primaryimage"},"thumbnailUrl":"https:\/\/fernandezywenzel.com\/wp-content\/uploads\/2025\/03\/PHOTO-FW-16-New.jpg","datePublished":"2025-02-28T11:44:06+00:00","dateModified":"2025-12-19T09:21:19+00:00","description":"Con m\u00e1s de 15 a\u00f1os de experiencia en el sector, proporcionamos asesoramiento jur\u00eddico y fiscal experto adaptado a sus necesidades individuales.","breadcrumb":{"@id":"https:\/\/fernandezywenzel.com\/about-us\/#breadcrumb"},"inLanguage":"es-ES","potentialAction":[{"@type":"ReadAction","target":["https:\/\/fernandezywenzel.com\/about-us\/"]}]},{"@type":"ImageObject","inLanguage":"es-ES","@id":"https:\/\/fernandezywenzel.com\/about-us\/#primaryimage","url":"https:\/\/fernandezywenzel.com\/wp-content\/uploads\/2025\/03\/PHOTO-FW-16-New.jpg","contentUrl":"https:\/\/fernandezywenzel.com\/wp-content\/uploads\/2025\/03\/PHOTO-FW-16-New.jpg"},{"@type":"BreadcrumbList","@id":"https:\/\/fernandezywenzel.com\/about-us\/#breadcrumb","itemListElement":[{"@type":"ListItem","position":1,"name":"Home","item":"https:\/\/fernandezywenzel.com\/"},{"@type":"ListItem","position":2,"name":"About Us"}]},{"@type":"WebSite","@id":"https:\/\/fernandezywenzel.com\/#website","url":"https:\/\/fernandezywenzel.com\/","name":"Fern\u00e1ndez &amp; Wenzel","description":"","potentialAction":[{"@type":"SearchAction","target":{"@type":"EntryPoint","urlTemplate":"https:\/\/fernandezywenzel.com\/?s={search_term_string}"},"query-input":{"@type":"PropertyValueSpecification","valueRequired":true,"valueName":"search_term_string"}}],"inLanguage":"es-ES"}]}},"_links":{"self":[{"href":"https:\/\/fernandezywenzel.com\/es\/wp-json\/wp\/v2\/pages\/54","targetHints":{"allow":["GET"]}}],"collection":[{"href":"https:\/\/fernandezywenzel.com\/es\/wp-json\/wp\/v2\/pages"}],"about":[{"href":"https:\/\/fernandezywenzel.com\/es\/wp-json\/wp\/v2\/types\/page"}],"author":[{"embeddable":true,"href":"https:\/\/fernandezywenzel.com\/es\/wp-json\/wp\/v2\/users\/1"}],"replies":[{"embeddable":true,"href":"https:\/\/fernandezywenzel.com\/es\/wp-json\/wp\/v2\/comments?post=54"}],"version-history":[{"count":45,"href":"https:\/\/fernandezywenzel.com\/es\/wp-json\/wp\/v2\/pages\/54\/revisions"}],"predecessor-version":[{"id":1335,"href":"https:\/\/fernandezywenzel.com\/es\/wp-json\/wp\/v2\/pages\/54\/revisions\/1335"}],"wp:attachment":[{"href":"https:\/\/fernandezywenzel.com\/es\/wp-json\/wp\/v2\/media?parent=54"}],"curies":[{"name":"wp","href":"https:\/\/api.w.org\/{rel}","templated":true}]}}