{"id":75,"date":"2025-02-28T11:45:29","date_gmt":"2025-02-28T11:45:29","guid":{"rendered":"https:\/\/fernandezywenzel.koawebsites.com\/?page_id=75"},"modified":"2025-12-19T09:20:19","modified_gmt":"2025-12-19T09:20:19","slug":"abteilung-steuerrecht","status":"publish","type":"page","link":"https:\/\/fernandezywenzel.com\/de\/tax-law-department\/","title":{"rendered":"Abteilung Steuerrecht"},"content":{"rendered":"<div data-elementor-type=\"wp-page\" data-elementor-id=\"75\" class=\"elementor elementor-75\" data-elementor-post-type=\"page\">\n\t\t\t\t<div class=\"elementor-element elementor-element-6a4f3bf e-flex e-con-boxed elementor-invisible e-con e-parent\" data-id=\"6a4f3bf\" data-element_type=\"container\" data-e-type=\"container\" data-settings=\"{&quot;background_background&quot;:&quot;classic&quot;,&quot;animation&quot;:&quot;fadeIn&quot;}\">\n\t\t\t\t\t<div class=\"e-con-inner\">\n\t\t<div class=\"elementor-element elementor-element-cbd7a3b e-con-full e-flex e-con e-child\" data-id=\"cbd7a3b\" data-element_type=\"container\" data-e-type=\"container\">\n\t\t<div class=\"elementor-element elementor-element-b931223 e-con-full e-flex e-con e-child\" data-id=\"b931223\" data-element_type=\"container\" data-e-type=\"container\">\n\t\t\t\t<div class=\"elementor-element elementor-element-e2350f9 elementor-widget elementor-widget-image\" data-id=\"e2350f9\" data-element_type=\"widget\" data-e-type=\"widget\" data-widget_type=\"image.default\">\n\t\t\t\t<div class=\"elementor-widget-container\">\n\t\t\t\t\t\t\t\t\t\t\t\t\t\t\t<img fetchpriority=\"high\" decoding=\"async\" width=\"640\" height=\"426\" src=\"https:\/\/fernandezywenzel.com\/wp-content\/uploads\/2025\/12\/Tax-Law-Department-PAGE-1-min-1-1024x681.jpg\" class=\"attachment-large size-large wp-image-1325\" alt=\"\" srcset=\"https:\/\/fernandezywenzel.com\/wp-content\/uploads\/2025\/12\/Tax-Law-Department-PAGE-1-min-1-1024x681.jpg 1024w, https:\/\/fernandezywenzel.com\/wp-content\/uploads\/2025\/12\/Tax-Law-Department-PAGE-1-min-1-300x200.jpg 300w, https:\/\/fernandezywenzel.com\/wp-content\/uploads\/2025\/12\/Tax-Law-Department-PAGE-1-min-1-768x511.jpg 768w, https:\/\/fernandezywenzel.com\/wp-content\/uploads\/2025\/12\/Tax-Law-Department-PAGE-1-min-1-1536x1022.jpg 1536w, https:\/\/fernandezywenzel.com\/wp-content\/uploads\/2025\/12\/Tax-Law-Department-PAGE-1-min-1-18x12.jpg 18w, https:\/\/fernandezywenzel.com\/wp-content\/uploads\/2025\/12\/Tax-Law-Department-PAGE-1-min-1.jpg 2000w\" sizes=\"(max-width: 640px) 100vw, 640px\" \/>\t\t\t\t\t\t\t\t\t\t\t\t\t\t\t<\/div>\n\t\t\t\t<\/div>\n\t\t\t\t<div class=\"elementor-element elementor-element-f3cd210 elementor-hidden-tablet elementor-hidden-mobile elementor-widget elementor-widget-image\" data-id=\"f3cd210\" data-element_type=\"widget\" data-e-type=\"widget\" data-widget_type=\"image.default\">\n\t\t\t\t<div class=\"elementor-widget-container\">\n\t\t\t\t\t\t\t\t\t\t\t\t\t\t\t<img decoding=\"async\" width=\"640\" height=\"426\" src=\"https:\/\/fernandezywenzel.com\/wp-content\/uploads\/2025\/12\/Tax-Law-Department-PAGE-2-min-1-1024x681.jpg\" class=\"attachment-large size-large wp-image-1326\" alt=\"\" srcset=\"https:\/\/fernandezywenzel.com\/wp-content\/uploads\/2025\/12\/Tax-Law-Department-PAGE-2-min-1-1024x681.jpg 1024w, https:\/\/fernandezywenzel.com\/wp-content\/uploads\/2025\/12\/Tax-Law-Department-PAGE-2-min-1-300x200.jpg 300w, https:\/\/fernandezywenzel.com\/wp-content\/uploads\/2025\/12\/Tax-Law-Department-PAGE-2-min-1-768x511.jpg 768w, https:\/\/fernandezywenzel.com\/wp-content\/uploads\/2025\/12\/Tax-Law-Department-PAGE-2-min-1-1536x1022.jpg 1536w, https:\/\/fernandezywenzel.com\/wp-content\/uploads\/2025\/12\/Tax-Law-Department-PAGE-2-min-1-18x12.jpg 18w, https:\/\/fernandezywenzel.com\/wp-content\/uploads\/2025\/12\/Tax-Law-Department-PAGE-2-min-1.jpg 2000w\" sizes=\"(max-width: 640px) 100vw, 640px\" \/>\t\t\t\t\t\t\t\t\t\t\t\t\t\t\t<\/div>\n\t\t\t\t<\/div>\n\t\t\t\t<\/div>\n\t\t<div class=\"elementor-element elementor-element-f6d16d7 e-con-full e-flex e-con e-child\" data-id=\"f6d16d7\" data-element_type=\"container\" data-e-type=\"container\">\n\t\t\t\t<div class=\"elementor-element elementor-element-ee6f43d elementor-widget-divider--view-line_text elementor-widget-divider--element-align-left elementor-widget elementor-widget-divider\" data-id=\"ee6f43d\" data-element_type=\"widget\" data-e-type=\"widget\" data-widget_type=\"divider.default\">\n\t\t\t\t<div class=\"elementor-widget-container\">\n\t\t\t\t\t\t\t<div class=\"elementor-divider\">\n\t\t\t<span class=\"elementor-divider-separator\">\n\t\t\t\t\t\t\t<span class=\"elementor-divider__text elementor-divider__element\">\n\t\t\t\t Qualit\u00e4tsservice\t\t\t\t<\/span>\n\t\t\t\t\t\t<\/span>\n\t\t<\/div>\n\t\t\t\t\t\t<\/div>\n\t\t\t\t<\/div>\n\t\t\t\t<div class=\"elementor-element elementor-element-0d6f3e2 elementor-widget__width-inherit elementor-widget elementor-widget-heading\" data-id=\"0d6f3e2\" data-element_type=\"widget\" data-e-type=\"widget\" data-widget_type=\"heading.default\">\n\t\t\t\t<div class=\"elementor-widget-container\">\n\t\t\t\t\t<h1 class=\"elementor-heading-title elementor-size-default\">Abteilung Steuerrecht<\/h1>\t\t\t\t<\/div>\n\t\t\t\t<\/div>\n\t\t\t\t<div class=\"elementor-element elementor-element-02fae5c kv-list-1 elementor-widget elementor-widget-text-editor\" data-id=\"02fae5c\" data-element_type=\"widget\" data-e-type=\"widget\" data-widget_type=\"text-editor.default\">\n\t\t\t\t<div class=\"elementor-widget-container\">\n\t\t\t\t\t\t\t\t\t<p>Mit einem hochspezialisierten Team von\u00a0Juristen und\nWirtschaftswissenschaftler ist unser\u00a0Abteilung Steuerrecht\u00a0ist eine tragende\nS\u00e4ule des Unternehmens und bietet\u00a0kontinuierliche und enge\nUnterst\u00fctzung\u00a0auf alle anderen Praxisbereiche. Unter\u00a0Fern\u00e1ndez &amp; Wenzel\nglauben wir, dass\u00a0eine hochwertige Rechtsberatung\u00a0eine umfassende und\noptimale Steuerplanung\u00a0erfordert, um die Bed\u00fcrfnisse unserer Kunden zu\nerf\u00fcllen.<\/p><p>Unsere Abteilung ber\u00e4t\u00a0Unternehmen, Aktion\u00e4re und Privatpersonen, ob\nsie\u00a0mit oder ohne Wohnsitz in Spanien, um eine Gew\u00e4hrleistung der\nSteuereffizienz f\u00fcr beide\u00a0inl\u00e4ndische und grenz\u00fcberschreitende\nTransaktionen zu erreichen:<\/p><p>In einem Bereich, der sich st\u00e4ndig weiterentwickelt, bieten unsere\nFachleute\u00a0hohe Kompetenz\u00a0und halten unsere Kunden\u00a0\u00fcber alle rechtlichen\nAktualisierungen informiert\u00a0\u00fcber unseren Blog, der auch international \u00fcber\nunsere Website und die wichtigsten sozialen Netzwerke ver\u00f6ffentlicht und\nverbreitet wird.<\/p><p><strong>Hauptbereiche der Spezialisierung:<\/strong><\/p>\t\t\t\t\t\t\t\t<\/div>\n\t\t\t\t<\/div>\n\t\t\t\t<div class=\"elementor-element elementor-element-ac7d7d4 kv-list-1 elementor-widget elementor-widget-text-editor\" data-id=\"ac7d7d4\" data-element_type=\"widget\" data-e-type=\"widget\" data-widget_type=\"text-editor.default\">\n\t\t\t\t<div class=\"elementor-widget-container\">\n\t\t\t\t\t\t\t\t\t<ul><li style=\"font-weight: 400;\" aria-level=\"1\">Allgemeine Besteuerung<\/li><li style=\"font-weight: 400;\" aria-level=\"1\">Besteuerung von Nichtans\u00e4ssigen und Ferienvermietungen<\/li><li style=\"font-weight: 400;\" aria-level=\"1\">Unternehmensbuchhaltung<\/li><li style=\"font-weight: 400;\" aria-level=\"1\">J\u00e4hrliche Finanzberichte<\/li><li style=\"font-weight: 400;\" aria-level=\"1\">Steuerplanung<\/li><li style=\"font-weight: 400;\" aria-level=\"1\">Direkte und indirekte Steuern (IGIC)<\/li><li style=\"font-weight: 400;\" aria-level=\"1\">Anlageberatung und Steuervorteile auf den Kanarischen Inseln<\/li><li style=\"font-weight: 400;\" aria-level=\"1\">Lokale Steuererkl\u00e4rungen<\/li><li style=\"font-weight: 400;\" aria-level=\"1\">Familienunternehmen<\/li><li style=\"font-weight: 400;\" aria-level=\"1\">Erbschaft und Nachlassplanung<\/li><\/ul>\t\t\t\t\t\t\t\t<\/div>\n\t\t\t\t<\/div>\n\t\t\t\t<div class=\"elementor-element elementor-element-7b0ed3a kv-list-1 elementor-widget elementor-widget-text-editor\" data-id=\"7b0ed3a\" data-element_type=\"widget\" data-e-type=\"widget\" data-widget_type=\"text-editor.default\">\n\t\t\t\t<div class=\"elementor-widget-container\">\n\t\t\t\t\t\t\t\t\t<p><strong>Kontaktieren Sie uns noch heute f\u00fcr eine kompetente Steuerberatung!<\/strong><\/p>\t\t\t\t\t\t\t\t<\/div>\n\t\t\t\t<\/div>\n\t\t\t\t<div class=\"elementor-element elementor-element-8b83d03 elementor-widget-laptop__width-auto elementor-mobile-align-left elementor-widget-mobile__width-auto elementor-widget elementor-widget-button\" data-id=\"8b83d03\" data-element_type=\"widget\" data-e-type=\"widget\" data-widget_type=\"button.default\">\n\t\t\t\t<div class=\"elementor-widget-container\">\n\t\t\t\t\t\t\t\t\t<div class=\"elementor-button-wrapper\">\n\t\t\t\t\t<a class=\"elementor-button elementor-button-link elementor-size-sm\" href=\"https:\/\/fernandezywenzel.com\/de\/kontaktieren-sie-uns\/\">\n\t\t\t\t\t\t<span class=\"elementor-button-content-wrapper\">\n\t\t\t\t\t\t\t\t\t<span class=\"elementor-button-text\">Kontakt <\/span>\n\t\t\t\t\t<\/span>\n\t\t\t\t\t<\/a>\n\t\t\t\t<\/div>\n\t\t\t\t\t\t\t\t<\/div>\n\t\t\t\t<\/div>\n\t\t\t\t<\/div>\n\t\t<div class=\"elementor-element elementor-element-8f30bdd e-con-full e-flex e-con e-child\" data-id=\"8f30bdd\" data-element_type=\"container\" data-e-type=\"container\">\n\t\t\t\t<div class=\"elementor-element elementor-element-922cc26 elementor-widget__width-inherit elementor-widget elementor-widget-heading\" data-id=\"922cc26\" data-element_type=\"widget\" data-e-type=\"widget\" data-widget_type=\"heading.default\">\n\t\t\t\t<div class=\"elementor-widget-container\">\n\t\t\t\t\t<h2 class=\"elementor-heading-title elementor-size-default\">Steuerrechtliche Dienstleistungen auf den Kanarischen Inseln\n<\/h2>\t\t\t\t<\/div>\n\t\t\t\t<\/div>\n\t\t\t\t<div class=\"elementor-element elementor-element-a8c6276 kv-list-1 elementor-widget elementor-widget-text-editor\" data-id=\"a8c6276\" data-element_type=\"widget\" data-e-type=\"widget\" data-widget_type=\"text-editor.default\">\n\t\t\t\t<div class=\"elementor-widget-container\">\n\t\t\t\t\t\t\t\t\t<p><span style=\"font-weight: 400;\">Obwohl die Kanarischen Inseln technisch gesehen zu Spanien geh\u00f6ren, haben sie als eine Region in \u00e4u\u00dferster Randlage der Europ\u00e4ischen Union ihr eigenes Steuersystem. Die Inseln haben eine eigene Umsatzsteuer, eigene K\u00f6rperschaftssteuers\u00e4tze sowie eigene Z\u00f6lle und Einfuhrsteuern. F\u00fcr einige Einwohner der Kanarischen Inseln gibt es auch Erm\u00e4\u00dfigungen bei der Einkommensteuer.<\/span><\/p><p><span style=\"font-weight: 400;\">Unser Steuerteam ist darauf spezialisiert, die komplexe Steuersituation auf den Kanarischen Inseln zu navigieren und sicherzustellen, dass Sie alle geltenden Steuergesetze einhalten und gleichzeitig in den Genuss aller verf\u00fcgbaren Steuervorteile kommen.<\/span><\/p>\t\t\t\t\t\t\t\t<\/div>\n\t\t\t\t<\/div>\n\t\t\t\t<\/div>\n\t\t\t\t<\/div>\n\t\t\t\t\t<\/div>\n\t\t\t\t<\/div>\n\t\t\t\t<\/div>","protected":false},"excerpt":{"rendered":"<p>quality service With a highly specialized team of lawyers and economists, our Tax Law Department is a fundamental pillar of the firm, providing continuous and close support to all other practice areas. At Fern\u00e1ndez &amp; Wenzel, we believe that high-quality legal advice requires comprehensive and optimal tax planning to meet our clients&#8217; needs. Our department [&hellip;]<\/p>\n","protected":false},"author":1,"featured_media":0,"parent":0,"menu_order":0,"comment_status":"closed","ping_status":"closed","template":"elementor_header_footer","meta":{"footnotes":""},"class_list":["post-75","page","type-page","status-publish","hentry"],"yoast_head":"<!-- This site is optimized with the Yoast SEO plugin v27.3 - https:\/\/yoast.com\/product\/yoast-seo-wordpress\/ -->\n<title>Tax Law Department - Fern\u00e1ndez &amp; Wenzel<\/title>\n<meta name=\"description\" content=\"Our tax team specializes in navigating the tax situation in the Canary Islands, ensuring that you remain in compliance with all tax laws.\" \/>\n<meta name=\"robots\" content=\"index, follow, max-snippet:-1, max-image-preview:large, max-video-preview:-1\" \/>\n<link rel=\"canonical\" href=\"https:\/\/fernandezywenzel.com\/de\/abteilung-steuerrecht\/\" \/>\n<meta property=\"og:locale\" content=\"de_DE\" \/>\n<meta property=\"og:type\" content=\"article\" \/>\n<meta property=\"og:title\" content=\"Tax Law Department - Fern\u00e1ndez &amp; Wenzel\" \/>\n<meta property=\"og:description\" content=\"Our tax team specializes in navigating the tax situation in the Canary Islands, ensuring that you remain in compliance with all tax laws.\" \/>\n<meta property=\"og:url\" content=\"https:\/\/fernandezywenzel.com\/de\/abteilung-steuerrecht\/\" \/>\n<meta property=\"og:site_name\" content=\"Fern\u00e1ndez &amp; Wenzel\" \/>\n<meta property=\"article:modified_time\" content=\"2025-12-19T09:20:19+00:00\" \/>\n<meta property=\"og:image\" content=\"https:\/\/fernandezywenzel.com\/wp-content\/uploads\/2025\/12\/Tax-Law-Department-PAGE-1-min-1-1024x681.jpg\" \/>\n<meta name=\"twitter:card\" content=\"summary_large_image\" \/>\n<meta name=\"twitter:label1\" content=\"Est. reading time\" \/>\n\t<meta name=\"twitter:data1\" content=\"2 minutes\" \/>\n<script type=\"application\/ld+json\" class=\"yoast-schema-graph\">{\"@context\":\"https:\\\/\\\/schema.org\",\"@graph\":[{\"@type\":\"WebPage\",\"@id\":\"https:\\\/\\\/fernandezywenzel.com\\\/tax-law-department\\\/\",\"url\":\"https:\\\/\\\/fernandezywenzel.com\\\/tax-law-department\\\/\",\"name\":\"Tax Law Department - Fern\u00e1ndez &amp; Wenzel\",\"isPartOf\":{\"@id\":\"https:\\\/\\\/fernandezywenzel.com\\\/#website\"},\"primaryImageOfPage\":{\"@id\":\"https:\\\/\\\/fernandezywenzel.com\\\/tax-law-department\\\/#primaryimage\"},\"image\":{\"@id\":\"https:\\\/\\\/fernandezywenzel.com\\\/tax-law-department\\\/#primaryimage\"},\"thumbnailUrl\":\"https:\\\/\\\/fernandezywenzel.com\\\/wp-content\\\/uploads\\\/2025\\\/12\\\/Tax-Law-Department-PAGE-1-min-1-1024x681.jpg\",\"datePublished\":\"2025-02-28T11:45:29+00:00\",\"dateModified\":\"2025-12-19T09:20:19+00:00\",\"description\":\"Our tax team specializes in navigating the tax situation in the Canary Islands, ensuring that you remain in compliance with all tax laws.\",\"breadcrumb\":{\"@id\":\"https:\\\/\\\/fernandezywenzel.com\\\/tax-law-department\\\/#breadcrumb\"},\"inLanguage\":\"de-DE\",\"potentialAction\":[{\"@type\":\"ReadAction\",\"target\":[\"https:\\\/\\\/fernandezywenzel.com\\\/tax-law-department\\\/\"]}]},{\"@type\":\"ImageObject\",\"inLanguage\":\"de-DE\",\"@id\":\"https:\\\/\\\/fernandezywenzel.com\\\/tax-law-department\\\/#primaryimage\",\"url\":\"https:\\\/\\\/fernandezywenzel.com\\\/wp-content\\\/uploads\\\/2025\\\/12\\\/Tax-Law-Department-PAGE-1-min-1-1024x681.jpg\",\"contentUrl\":\"https:\\\/\\\/fernandezywenzel.com\\\/wp-content\\\/uploads\\\/2025\\\/12\\\/Tax-Law-Department-PAGE-1-min-1-1024x681.jpg\"},{\"@type\":\"BreadcrumbList\",\"@id\":\"https:\\\/\\\/fernandezywenzel.com\\\/tax-law-department\\\/#breadcrumb\",\"itemListElement\":[{\"@type\":\"ListItem\",\"position\":1,\"name\":\"Home\",\"item\":\"https:\\\/\\\/fernandezywenzel.com\\\/\"},{\"@type\":\"ListItem\",\"position\":2,\"name\":\"Tax Law Department\"}]},{\"@type\":\"WebSite\",\"@id\":\"https:\\\/\\\/fernandezywenzel.com\\\/#website\",\"url\":\"https:\\\/\\\/fernandezywenzel.com\\\/\",\"name\":\"Fern\u00e1ndez &amp; Wenzel\",\"description\":\"\",\"potentialAction\":[{\"@type\":\"SearchAction\",\"target\":{\"@type\":\"EntryPoint\",\"urlTemplate\":\"https:\\\/\\\/fernandezywenzel.com\\\/?s={search_term_string}\"},\"query-input\":{\"@type\":\"PropertyValueSpecification\",\"valueRequired\":true,\"valueName\":\"search_term_string\"}}],\"inLanguage\":\"de-DE\"}]}<\/script>\n<!-- \/ Yoast SEO plugin. -->","yoast_head_json":{"title":"Abteilung Steuerrecht - Fern\u00e1ndez &amp; Wenzel","description":"Unser Steuerteam ist auf die steuerliche Situation auf den Kanarischen Inseln spezialisiert und stellt sicher, dass Sie alle Steuergesetze einhalten.","robots":{"index":"index","follow":"follow","max-snippet":"max-snippet:-1","max-image-preview":"max-image-preview:large","max-video-preview":"max-video-preview:-1"},"canonical":"https:\/\/fernandezywenzel.com\/de\/abteilung-steuerrecht\/","og_locale":"de_DE","og_type":"article","og_title":"Tax Law Department - Fern\u00e1ndez &amp; Wenzel","og_description":"Our tax team specializes in navigating the tax situation in the Canary Islands, ensuring that you remain in compliance with all tax laws.","og_url":"https:\/\/fernandezywenzel.com\/de\/abteilung-steuerrecht\/","og_site_name":"Fern\u00e1ndez &amp; Wenzel","article_modified_time":"2025-12-19T09:20:19+00:00","og_image":[{"url":"https:\/\/fernandezywenzel.com\/wp-content\/uploads\/2025\/12\/Tax-Law-Department-PAGE-1-min-1-1024x681.jpg","type":"","width":"","height":""}],"twitter_card":"summary_large_image","twitter_misc":{"Est. reading time":"2 minutes"},"schema":{"@context":"https:\/\/schema.org","@graph":[{"@type":"WebPage","@id":"https:\/\/fernandezywenzel.com\/tax-law-department\/","url":"https:\/\/fernandezywenzel.com\/tax-law-department\/","name":"Abteilung Steuerrecht - Fern\u00e1ndez &amp; Wenzel","isPartOf":{"@id":"https:\/\/fernandezywenzel.com\/#website"},"primaryImageOfPage":{"@id":"https:\/\/fernandezywenzel.com\/tax-law-department\/#primaryimage"},"image":{"@id":"https:\/\/fernandezywenzel.com\/tax-law-department\/#primaryimage"},"thumbnailUrl":"https:\/\/fernandezywenzel.com\/wp-content\/uploads\/2025\/12\/Tax-Law-Department-PAGE-1-min-1-1024x681.jpg","datePublished":"2025-02-28T11:45:29+00:00","dateModified":"2025-12-19T09:20:19+00:00","description":"Unser Steuerteam ist auf die steuerliche Situation auf den Kanarischen Inseln spezialisiert und stellt sicher, dass Sie alle Steuergesetze einhalten.","breadcrumb":{"@id":"https:\/\/fernandezywenzel.com\/tax-law-department\/#breadcrumb"},"inLanguage":"de-DE","potentialAction":[{"@type":"ReadAction","target":["https:\/\/fernandezywenzel.com\/tax-law-department\/"]}]},{"@type":"ImageObject","inLanguage":"de-DE","@id":"https:\/\/fernandezywenzel.com\/tax-law-department\/#primaryimage","url":"https:\/\/fernandezywenzel.com\/wp-content\/uploads\/2025\/12\/Tax-Law-Department-PAGE-1-min-1-1024x681.jpg","contentUrl":"https:\/\/fernandezywenzel.com\/wp-content\/uploads\/2025\/12\/Tax-Law-Department-PAGE-1-min-1-1024x681.jpg"},{"@type":"BreadcrumbList","@id":"https:\/\/fernandezywenzel.com\/tax-law-department\/#breadcrumb","itemListElement":[{"@type":"ListItem","position":1,"name":"Home","item":"https:\/\/fernandezywenzel.com\/"},{"@type":"ListItem","position":2,"name":"Tax Law Department"}]},{"@type":"WebSite","@id":"https:\/\/fernandezywenzel.com\/#website","url":"https:\/\/fernandezywenzel.com\/","name":"Fern\u00e1ndez &amp; Wenzel","description":"","potentialAction":[{"@type":"SearchAction","target":{"@type":"EntryPoint","urlTemplate":"https:\/\/fernandezywenzel.com\/?s={search_term_string}"},"query-input":{"@type":"PropertyValueSpecification","valueRequired":true,"valueName":"search_term_string"}}],"inLanguage":"de-DE"}]}},"_links":{"self":[{"href":"https:\/\/fernandezywenzel.com\/de\/wp-json\/wp\/v2\/pages\/75","targetHints":{"allow":["GET"]}}],"collection":[{"href":"https:\/\/fernandezywenzel.com\/de\/wp-json\/wp\/v2\/pages"}],"about":[{"href":"https:\/\/fernandezywenzel.com\/de\/wp-json\/wp\/v2\/types\/page"}],"author":[{"embeddable":true,"href":"https:\/\/fernandezywenzel.com\/de\/wp-json\/wp\/v2\/users\/1"}],"replies":[{"embeddable":true,"href":"https:\/\/fernandezywenzel.com\/de\/wp-json\/wp\/v2\/comments?post=75"}],"version-history":[{"count":38,"href":"https:\/\/fernandezywenzel.com\/de\/wp-json\/wp\/v2\/pages\/75\/revisions"}],"predecessor-version":[{"id":1329,"href":"https:\/\/fernandezywenzel.com\/de\/wp-json\/wp\/v2\/pages\/75\/revisions\/1329"}],"wp:attachment":[{"href":"https:\/\/fernandezywenzel.com\/de\/wp-json\/wp\/v2\/media?parent=75"}],"curies":[{"name":"wp","href":"https:\/\/api.w.org\/{rel}","templated":true}]}}