{"id":72,"date":"2025-02-28T11:45:22","date_gmt":"2025-02-28T11:45:22","guid":{"rendered":"https:\/\/fernandezywenzel.koawebsites.com\/?page_id=72"},"modified":"2025-12-19T09:18:34","modified_gmt":"2025-12-19T09:18:34","slug":"unternehmensgrundung-in-spanien","status":"publish","type":"page","link":"https:\/\/fernandezywenzel.com\/de\/business-incorporation-in-spain\/","title":{"rendered":"Unternehmensgr\u00fcndung in Spanien"},"content":{"rendered":"<div data-elementor-type=\"wp-page\" data-elementor-id=\"72\" class=\"elementor elementor-72\" data-elementor-post-type=\"page\">\n\t\t\t\t<div class=\"elementor-element elementor-element-1b22502 e-flex e-con-boxed elementor-invisible e-con e-parent\" data-id=\"1b22502\" data-element_type=\"container\" data-e-type=\"container\" data-settings=\"{&quot;background_background&quot;:&quot;classic&quot;,&quot;animation&quot;:&quot;fadeIn&quot;}\">\n\t\t\t\t\t<div class=\"e-con-inner\">\n\t\t<div class=\"elementor-element elementor-element-d8bc150 e-con-full e-flex e-con e-child\" data-id=\"d8bc150\" data-element_type=\"container\" data-e-type=\"container\">\n\t\t<div class=\"elementor-element elementor-element-6777f34 e-con-full e-flex e-con e-child\" data-id=\"6777f34\" data-element_type=\"container\" data-e-type=\"container\">\n\t\t\t\t<div class=\"elementor-element elementor-element-e9c4d6a elementor-hidden-tablet elementor-hidden-mobile elementor-widget elementor-widget-image\" data-id=\"e9c4d6a\" data-element_type=\"widget\" data-e-type=\"widget\" data-widget_type=\"image.default\">\n\t\t\t\t<div class=\"elementor-widget-container\">\n\t\t\t\t\t\t\t\t\t\t\t\t\t\t\t<img fetchpriority=\"high\" decoding=\"async\" width=\"2000\" height=\"1139\" src=\"https:\/\/fernandezywenzel.com\/wp-content\/uploads\/2025\/02\/cropped-image-real-estate-agent-assisting-client-sign-contract-paper-desk-with-house-model.jpg\" class=\"attachment-full size-full wp-image-99\" alt=\"Immobilienmakler unterst\u00fctzt Kunden bei der Vertragsunterzeichnung\" srcset=\"https:\/\/fernandezywenzel.com\/wp-content\/uploads\/2025\/02\/cropped-image-real-estate-agent-assisting-client-sign-contract-paper-desk-with-house-model.jpg 2000w, https:\/\/fernandezywenzel.com\/wp-content\/uploads\/2025\/02\/cropped-image-real-estate-agent-assisting-client-sign-contract-paper-desk-with-house-model-300x171.jpg 300w, https:\/\/fernandezywenzel.com\/wp-content\/uploads\/2025\/02\/cropped-image-real-estate-agent-assisting-client-sign-contract-paper-desk-with-house-model-1024x583.jpg 1024w, https:\/\/fernandezywenzel.com\/wp-content\/uploads\/2025\/02\/cropped-image-real-estate-agent-assisting-client-sign-contract-paper-desk-with-house-model-768x437.jpg 768w, https:\/\/fernandezywenzel.com\/wp-content\/uploads\/2025\/02\/cropped-image-real-estate-agent-assisting-client-sign-contract-paper-desk-with-house-model-1536x875.jpg 1536w\" sizes=\"(max-width: 2000px) 100vw, 2000px\" \/>\t\t\t\t\t\t\t\t\t\t\t\t\t\t\t<\/div>\n\t\t\t\t<\/div>\n\t\t\t\t<div class=\"elementor-element elementor-element-05af75a elementor-widget elementor-widget-image\" data-id=\"05af75a\" data-element_type=\"widget\" data-e-type=\"widget\" data-widget_type=\"image.default\">\n\t\t\t\t<div class=\"elementor-widget-container\">\n\t\t\t\t\t\t\t\t\t\t\t\t\t\t\t<img decoding=\"async\" width=\"640\" height=\"426\" src=\"https:\/\/fernandezywenzel.com\/wp-content\/uploads\/2025\/12\/Business-incorporation-in-Spain-PAGE-min-1024x681.jpg\" class=\"attachment-large size-large wp-image-1284\" alt=\"\" srcset=\"https:\/\/fernandezywenzel.com\/wp-content\/uploads\/2025\/12\/Business-incorporation-in-Spain-PAGE-min-1024x681.jpg 1024w, https:\/\/fernandezywenzel.com\/wp-content\/uploads\/2025\/12\/Business-incorporation-in-Spain-PAGE-min-300x200.jpg 300w, https:\/\/fernandezywenzel.com\/wp-content\/uploads\/2025\/12\/Business-incorporation-in-Spain-PAGE-min-768x511.jpg 768w, https:\/\/fernandezywenzel.com\/wp-content\/uploads\/2025\/12\/Business-incorporation-in-Spain-PAGE-min-1536x1022.jpg 1536w, https:\/\/fernandezywenzel.com\/wp-content\/uploads\/2025\/12\/Business-incorporation-in-Spain-PAGE-min-18x12.jpg 18w, https:\/\/fernandezywenzel.com\/wp-content\/uploads\/2025\/12\/Business-incorporation-in-Spain-PAGE-min.jpg 2000w\" sizes=\"(max-width: 640px) 100vw, 640px\" \/>\t\t\t\t\t\t\t\t\t\t\t\t\t\t\t<\/div>\n\t\t\t\t<\/div>\n\t\t\t\t<\/div>\n\t\t<div class=\"elementor-element elementor-element-2176a15 e-con-full e-flex e-con e-child\" data-id=\"2176a15\" data-element_type=\"container\" data-e-type=\"container\">\n\t\t\t\t<div class=\"elementor-element elementor-element-359183f elementor-widget-divider--view-line_text elementor-widget-divider--element-align-left elementor-widget elementor-widget-divider\" data-id=\"359183f\" data-element_type=\"widget\" data-e-type=\"widget\" data-widget_type=\"divider.default\">\n\t\t\t\t<div class=\"elementor-widget-container\">\n\t\t\t\t\t\t\t<div class=\"elementor-divider\">\n\t\t\t<span class=\"elementor-divider-separator\">\n\t\t\t\t\t\t\t<span class=\"elementor-divider__text elementor-divider__element\">\n\t\t\t\t Qualit\u00e4tsservice\t\t\t\t<\/span>\n\t\t\t\t\t\t<\/span>\n\t\t<\/div>\n\t\t\t\t\t\t<\/div>\n\t\t\t\t<\/div>\n\t\t\t\t<div class=\"elementor-element elementor-element-e1c83de elementor-widget__width-inherit elementor-widget elementor-widget-heading\" data-id=\"e1c83de\" data-element_type=\"widget\" data-e-type=\"widget\" data-widget_type=\"heading.default\">\n\t\t\t\t<div class=\"elementor-widget-container\">\n\t\t\t\t\t<h1 class=\"elementor-heading-title elementor-size-default\">Unternehmensgr\u00fcndung in Spanien<\/h1>\t\t\t\t<\/div>\n\t\t\t\t<\/div>\n\t\t\t\t<div class=\"elementor-element elementor-element-2c6e17f kv-list-1 elementor-widget elementor-widget-text-editor\" data-id=\"2c6e17f\" data-element_type=\"widget\" data-e-type=\"widget\" data-widget_type=\"text-editor.default\">\n\t\t\t\t<div class=\"elementor-widget-container\">\n\t\t\t\t\t\t\t\t\t<p>Fern\u00e1ndez &amp; Wenzel ist auf die Gr\u00fcndung von Unternehmen auf den Kanarischen Inseln und\nin ganz Spanien spezialisiert und gew\u00e4hrleistet einen reibungslosen und \nrechtssicheren Ablauf. Die Gr\u00fcndung eines Unternehmens in Spanien kann ein Prozess sein, vor allem f\u00fcr diejenigen, die\nneu in diesem Land sind. Ein umfassendes Steuer- und Rechtsteam kann Ihnen\ndabei helfen, den Prozess effizient zu navigieren, und bietet Ihnen eine\nbequeme, ma\u00dfgeschneiderte Beratung f\u00fcr alle Ihre Fragen und Bed\u00fcrfnisse.<\/p><p>Unsere Dienstleistungen umfassen:<\/p>\t\t\t\t\t\t\t\t<\/div>\n\t\t\t\t<\/div>\n\t\t\t\t<div class=\"elementor-element elementor-element-f0e9a87 kv-list-1 elementor-widget elementor-widget-text-editor\" data-id=\"f0e9a87\" data-element_type=\"widget\" data-e-type=\"widget\" data-widget_type=\"text-editor.default\">\n\t\t\t\t<div class=\"elementor-widget-container\">\n\t\t\t\t\t\t\t\t\t<ul><li>Rechts- und Steuerberatung f\u00fcr Unternehmensgr\u00fcndungen<\/li><li>Ausarbeitung und Einreichung von Gesellschaftsvertr\u00e4gen<\/li><li>Registrierung bei den spanischen Steuerbeh\u00f6rden und im Handelsregister<\/li><li>NIE und Unterlagen f\u00fcr ausl\u00e4ndische Investoren<\/li><li>Unterst\u00fctzung bei der Er\u00f6ffnung eines Gesch\u00e4ftskontos<\/li><\/ul>\t\t\t\t\t\t\t\t<\/div>\n\t\t\t\t<\/div>\n\t\t\t\t<div class=\"elementor-element elementor-element-a3da3ef kv-list-1 elementor-widget elementor-widget-text-editor\" data-id=\"a3da3ef\" data-element_type=\"widget\" data-e-type=\"widget\" data-widget_type=\"text-editor.default\">\n\t\t\t\t<div class=\"elementor-widget-container\">\n\t\t\t\t\t\t\t\t\t<p>Wir bieten <strong>Pers\u00f6nlicher Support<\/strong> unabh\u00e4ngig davon, ob es sich um die Einrichtung eines <strong>eine Gesellschaft mit beschr\u00e4nkter Haftung (SL), eine Personengesellschaft oder eine Zweigniederlassung eines ausl\u00e4ndischen Unternehmens<\/strong>. Unser Team sorgt daf\u00fcr, dass Ihr Unternehmen auf dem richtigen Fu\u00df startet - mit Experten <strong>rechtliche und finanzielle Beratung.<\/strong><\/p><p>Wenden Sie sich noch heute an uns, wenn Sie Hilfe bei der Gr\u00fcndung\neines Unternehmens in Spanien ben\u00f6tigen!<\/p>\t\t\t\t\t\t\t\t<\/div>\n\t\t\t\t<\/div>\n\t\t\t\t<div class=\"elementor-element elementor-element-5e7bbe1 elementor-widget-laptop__width-auto elementor-mobile-align-left elementor-widget-mobile__width-auto elementor-widget elementor-widget-button\" data-id=\"5e7bbe1\" data-element_type=\"widget\" data-e-type=\"widget\" data-widget_type=\"button.default\">\n\t\t\t\t<div class=\"elementor-widget-container\">\n\t\t\t\t\t\t\t\t\t<div class=\"elementor-button-wrapper\">\n\t\t\t\t\t<a class=\"elementor-button elementor-button-link elementor-size-sm\" href=\"https:\/\/fernandezywenzel.com\/de\/kontaktieren-sie-uns\/\">\n\t\t\t\t\t\t<span class=\"elementor-button-content-wrapper\">\n\t\t\t\t\t\t\t\t\t<span class=\"elementor-button-text\">Kontakt <\/span>\n\t\t\t\t\t<\/span>\n\t\t\t\t\t<\/a>\n\t\t\t\t<\/div>\n\t\t\t\t\t\t\t\t<\/div>\n\t\t\t\t<\/div>\n\t\t\t\t<\/div>\n\t\t\t\t<\/div>\n\t\t\t\t\t<\/div>\n\t\t\t\t<\/div>\n\t\t\t\t<\/div>","protected":false},"excerpt":{"rendered":"<p>quality service At Fern\u00e1ndez &amp; Wenzel, we specialize in assisting entrepreneurs and investors with the formation of companies in Spain, ensuring a smooth and legally compliant process. Our Services Include: Legal and tax advisory for business incorporation Drafting and filing of company statutes Registration with Spanish tax authorities and commercial registry NIE and foreign investor [&hellip;]<\/p>\n","protected":false},"author":1,"featured_media":0,"parent":0,"menu_order":0,"comment_status":"closed","ping_status":"closed","template":"elementor_header_footer","meta":{"footnotes":""},"class_list":["post-72","page","type-page","status-publish","hentry"],"yoast_head":"<!-- This site is optimized with the Yoast SEO plugin v27.3 - https:\/\/yoast.com\/product\/yoast-seo-wordpress\/ -->\n<title>Business incorporation in Spain - Fern\u00e1ndez &amp; Wenzel<\/title>\n<meta name=\"description\" content=\"We specialize in assisting entrepreneurs and investors with the formation of companies in Spain, ensuring a legally compliant process.\" \/>\n<meta name=\"robots\" content=\"index, follow, max-snippet:-1, max-image-preview:large, max-video-preview:-1\" \/>\n<link rel=\"canonical\" href=\"https:\/\/fernandezywenzel.com\/de\/unternehmensgrundung-in-spanien\/\" \/>\n<meta property=\"og:locale\" content=\"de_DE\" \/>\n<meta property=\"og:type\" content=\"article\" \/>\n<meta property=\"og:title\" content=\"Business incorporation in Spain - Fern\u00e1ndez &amp; Wenzel\" \/>\n<meta property=\"og:description\" content=\"We specialize in assisting entrepreneurs and investors with the formation of companies in Spain, ensuring a legally compliant process.\" \/>\n<meta property=\"og:url\" content=\"https:\/\/fernandezywenzel.com\/de\/unternehmensgrundung-in-spanien\/\" \/>\n<meta property=\"og:site_name\" content=\"Fern\u00e1ndez &amp; Wenzel\" \/>\n<meta property=\"article:modified_time\" content=\"2025-12-19T09:18:34+00:00\" \/>\n<meta property=\"og:image\" content=\"https:\/\/fernandezywenzel.com\/wp-content\/uploads\/2025\/02\/cropped-image-real-estate-agent-assisting-client-sign-contract-paper-desk-with-house-model.jpg\" \/>\n\t<meta property=\"og:image:width\" content=\"2000\" \/>\n\t<meta property=\"og:image:height\" content=\"1139\" \/>\n\t<meta property=\"og:image:type\" content=\"image\/jpeg\" \/>\n<meta name=\"twitter:card\" content=\"summary_large_image\" \/>\n<meta name=\"twitter:label1\" content=\"Est. reading time\" \/>\n\t<meta name=\"twitter:data1\" content=\"1 minute\" \/>\n<script type=\"application\/ld+json\" class=\"yoast-schema-graph\">{\"@context\":\"https:\\\/\\\/schema.org\",\"@graph\":[{\"@type\":\"WebPage\",\"@id\":\"https:\\\/\\\/fernandezywenzel.com\\\/business-incorporation-in-spain\\\/\",\"url\":\"https:\\\/\\\/fernandezywenzel.com\\\/business-incorporation-in-spain\\\/\",\"name\":\"Business incorporation in Spain - Fern\u00e1ndez &amp; Wenzel\",\"isPartOf\":{\"@id\":\"https:\\\/\\\/fernandezywenzel.com\\\/#website\"},\"primaryImageOfPage\":{\"@id\":\"https:\\\/\\\/fernandezywenzel.com\\\/business-incorporation-in-spain\\\/#primaryimage\"},\"image\":{\"@id\":\"https:\\\/\\\/fernandezywenzel.com\\\/business-incorporation-in-spain\\\/#primaryimage\"},\"thumbnailUrl\":\"https:\\\/\\\/fernandezywenzel.com\\\/wp-content\\\/uploads\\\/2025\\\/02\\\/cropped-image-real-estate-agent-assisting-client-sign-contract-paper-desk-with-house-model.jpg\",\"datePublished\":\"2025-02-28T11:45:22+00:00\",\"dateModified\":\"2025-12-19T09:18:34+00:00\",\"description\":\"We specialize in assisting entrepreneurs and investors with the formation of companies in Spain, ensuring a legally compliant process.\",\"breadcrumb\":{\"@id\":\"https:\\\/\\\/fernandezywenzel.com\\\/business-incorporation-in-spain\\\/#breadcrumb\"},\"inLanguage\":\"de-DE\",\"potentialAction\":[{\"@type\":\"ReadAction\",\"target\":[\"https:\\\/\\\/fernandezywenzel.com\\\/business-incorporation-in-spain\\\/\"]}]},{\"@type\":\"ImageObject\",\"inLanguage\":\"de-DE\",\"@id\":\"https:\\\/\\\/fernandezywenzel.com\\\/business-incorporation-in-spain\\\/#primaryimage\",\"url\":\"https:\\\/\\\/fernandezywenzel.com\\\/wp-content\\\/uploads\\\/2025\\\/02\\\/cropped-image-real-estate-agent-assisting-client-sign-contract-paper-desk-with-house-model.jpg\",\"contentUrl\":\"https:\\\/\\\/fernandezywenzel.com\\\/wp-content\\\/uploads\\\/2025\\\/02\\\/cropped-image-real-estate-agent-assisting-client-sign-contract-paper-desk-with-house-model.jpg\"},{\"@type\":\"BreadcrumbList\",\"@id\":\"https:\\\/\\\/fernandezywenzel.com\\\/business-incorporation-in-spain\\\/#breadcrumb\",\"itemListElement\":[{\"@type\":\"ListItem\",\"position\":1,\"name\":\"Home\",\"item\":\"https:\\\/\\\/fernandezywenzel.com\\\/\"},{\"@type\":\"ListItem\",\"position\":2,\"name\":\"Business incorporation in Spain\"}]},{\"@type\":\"WebSite\",\"@id\":\"https:\\\/\\\/fernandezywenzel.com\\\/#website\",\"url\":\"https:\\\/\\\/fernandezywenzel.com\\\/\",\"name\":\"Fern\u00e1ndez &amp; Wenzel\",\"description\":\"\",\"potentialAction\":[{\"@type\":\"SearchAction\",\"target\":{\"@type\":\"EntryPoint\",\"urlTemplate\":\"https:\\\/\\\/fernandezywenzel.com\\\/?s={search_term_string}\"},\"query-input\":{\"@type\":\"PropertyValueSpecification\",\"valueRequired\":true,\"valueName\":\"search_term_string\"}}],\"inLanguage\":\"de-DE\"}]}<\/script>\n<!-- \/ Yoast SEO plugin. -->","yoast_head_json":{"title":"Unternehmensgr\u00fcndung in Spanien - Fern\u00e1ndez &amp; Wenzel","description":"Wir sind darauf spezialisiert, Unternehmern und Investoren bei der Gr\u00fcndung von Unternehmen in Spanien zu helfen und einen rechtssicheren Prozess zu gew\u00e4hrleisten.","robots":{"index":"index","follow":"follow","max-snippet":"max-snippet:-1","max-image-preview":"max-image-preview:large","max-video-preview":"max-video-preview:-1"},"canonical":"https:\/\/fernandezywenzel.com\/de\/unternehmensgrundung-in-spanien\/","og_locale":"de_DE","og_type":"article","og_title":"Business incorporation in Spain - Fern\u00e1ndez &amp; Wenzel","og_description":"We specialize in assisting entrepreneurs and investors with the formation of companies in Spain, ensuring a legally compliant process.","og_url":"https:\/\/fernandezywenzel.com\/de\/unternehmensgrundung-in-spanien\/","og_site_name":"Fern\u00e1ndez &amp; Wenzel","article_modified_time":"2025-12-19T09:18:34+00:00","og_image":[{"width":2000,"height":1139,"url":"https:\/\/fernandezywenzel.com\/wp-content\/uploads\/2025\/02\/cropped-image-real-estate-agent-assisting-client-sign-contract-paper-desk-with-house-model.jpg","type":"image\/jpeg"}],"twitter_card":"summary_large_image","twitter_misc":{"Est. reading time":"1 minute"},"schema":{"@context":"https:\/\/schema.org","@graph":[{"@type":"WebPage","@id":"https:\/\/fernandezywenzel.com\/business-incorporation-in-spain\/","url":"https:\/\/fernandezywenzel.com\/business-incorporation-in-spain\/","name":"Unternehmensgr\u00fcndung in Spanien - Fern\u00e1ndez &amp; Wenzel","isPartOf":{"@id":"https:\/\/fernandezywenzel.com\/#website"},"primaryImageOfPage":{"@id":"https:\/\/fernandezywenzel.com\/business-incorporation-in-spain\/#primaryimage"},"image":{"@id":"https:\/\/fernandezywenzel.com\/business-incorporation-in-spain\/#primaryimage"},"thumbnailUrl":"https:\/\/fernandezywenzel.com\/wp-content\/uploads\/2025\/02\/cropped-image-real-estate-agent-assisting-client-sign-contract-paper-desk-with-house-model.jpg","datePublished":"2025-02-28T11:45:22+00:00","dateModified":"2025-12-19T09:18:34+00:00","description":"Wir sind darauf spezialisiert, Unternehmern und Investoren bei der Gr\u00fcndung von Unternehmen in Spanien zu helfen und einen rechtssicheren Prozess zu gew\u00e4hrleisten.","breadcrumb":{"@id":"https:\/\/fernandezywenzel.com\/business-incorporation-in-spain\/#breadcrumb"},"inLanguage":"de-DE","potentialAction":[{"@type":"ReadAction","target":["https:\/\/fernandezywenzel.com\/business-incorporation-in-spain\/"]}]},{"@type":"ImageObject","inLanguage":"de-DE","@id":"https:\/\/fernandezywenzel.com\/business-incorporation-in-spain\/#primaryimage","url":"https:\/\/fernandezywenzel.com\/wp-content\/uploads\/2025\/02\/cropped-image-real-estate-agent-assisting-client-sign-contract-paper-desk-with-house-model.jpg","contentUrl":"https:\/\/fernandezywenzel.com\/wp-content\/uploads\/2025\/02\/cropped-image-real-estate-agent-assisting-client-sign-contract-paper-desk-with-house-model.jpg"},{"@type":"BreadcrumbList","@id":"https:\/\/fernandezywenzel.com\/business-incorporation-in-spain\/#breadcrumb","itemListElement":[{"@type":"ListItem","position":1,"name":"Home","item":"https:\/\/fernandezywenzel.com\/"},{"@type":"ListItem","position":2,"name":"Business incorporation in Spain"}]},{"@type":"WebSite","@id":"https:\/\/fernandezywenzel.com\/#website","url":"https:\/\/fernandezywenzel.com\/","name":"Fern\u00e1ndez &amp; Wenzel","description":"","potentialAction":[{"@type":"SearchAction","target":{"@type":"EntryPoint","urlTemplate":"https:\/\/fernandezywenzel.com\/?s={search_term_string}"},"query-input":{"@type":"PropertyValueSpecification","valueRequired":true,"valueName":"search_term_string"}}],"inLanguage":"de-DE"}]}},"_links":{"self":[{"href":"https:\/\/fernandezywenzel.com\/de\/wp-json\/wp\/v2\/pages\/72","targetHints":{"allow":["GET"]}}],"collection":[{"href":"https:\/\/fernandezywenzel.com\/de\/wp-json\/wp\/v2\/pages"}],"about":[{"href":"https:\/\/fernandezywenzel.com\/de\/wp-json\/wp\/v2\/types\/page"}],"author":[{"embeddable":true,"href":"https:\/\/fernandezywenzel.com\/de\/wp-json\/wp\/v2\/users\/1"}],"replies":[{"embeddable":true,"href":"https:\/\/fernandezywenzel.com\/de\/wp-json\/wp\/v2\/comments?post=72"}],"version-history":[{"count":20,"href":"https:\/\/fernandezywenzel.com\/de\/wp-json\/wp\/v2\/pages\/72\/revisions"}],"predecessor-version":[{"id":1324,"href":"https:\/\/fernandezywenzel.com\/de\/wp-json\/wp\/v2\/pages\/72\/revisions\/1324"}],"wp:attachment":[{"href":"https:\/\/fernandezywenzel.com\/de\/wp-json\/wp\/v2\/media?parent=72"}],"curies":[{"name":"wp","href":"https:\/\/api.w.org\/{rel}","templated":true}]}}