{"id":60,"date":"2025-02-28T11:44:20","date_gmt":"2025-02-28T11:44:20","guid":{"rendered":"https:\/\/fernandezywenzel.koawebsites.com\/?page_id=60"},"modified":"2025-05-26T13:19:24","modified_gmt":"2025-05-26T13:19:24","slug":"dienstleistungen","status":"publish","type":"page","link":"https:\/\/fernandezywenzel.com\/de\/services\/","title":{"rendered":"Dienstleistungen"},"content":{"rendered":"<div data-elementor-type=\"wp-page\" data-elementor-id=\"60\" class=\"elementor elementor-60\" data-elementor-post-type=\"page\">\n\t\t\t\t<div class=\"elementor-element elementor-element-e356de2 e-flex e-con-boxed elementor-invisible e-con e-parent\" data-id=\"e356de2\" data-element_type=\"container\" data-e-type=\"container\" data-settings=\"{&quot;background_background&quot;:&quot;classic&quot;,&quot;animation&quot;:&quot;fadeInUp&quot;}\">\n\t\t\t\t\t<div class=\"e-con-inner\">\n\t\t<div class=\"elementor-element elementor-element-d43aa79 e-con-full e-flex e-con e-child\" data-id=\"d43aa79\" data-element_type=\"container\" data-e-type=\"container\">\n\t\t\t\t<div class=\"elementor-element elementor-element-44398ce elementor-widget-divider--view-line_text elementor-widget-divider--element-align-center elementor-widget elementor-widget-divider\" data-id=\"44398ce\" data-element_type=\"widget\" data-e-type=\"widget\" data-widget_type=\"divider.default\">\n\t\t\t\t<div class=\"elementor-widget-container\">\n\t\t\t\t\t\t\t<div class=\"elementor-divider\">\n\t\t\t<span class=\"elementor-divider-separator\">\n\t\t\t\t\t\t\t<span class=\"elementor-divider__text elementor-divider__element\">\n\t\t\t\tWas wir tun\t\t\t\t<\/span>\n\t\t\t\t\t\t<\/span>\n\t\t<\/div>\n\t\t\t\t\t\t<\/div>\n\t\t\t\t<\/div>\n\t\t\t\t<div class=\"elementor-element elementor-element-1576270 elementor-widget__width-inherit elementor-widget elementor-widget-heading\" data-id=\"1576270\" data-element_type=\"widget\" data-e-type=\"widget\" data-widget_type=\"heading.default\">\n\t\t\t\t<div class=\"elementor-widget-container\">\n\t\t\t\t\t<h1 class=\"elementor-heading-title elementor-size-default\">Unsere Dienstleistungen<\/h1>\t\t\t\t<\/div>\n\t\t\t\t<\/div>\n\t\t\t\t<\/div>\n\t\t<div class=\"elementor-element elementor-element-d31e8ee e-con-full e-flex e-con e-child\" data-id=\"d31e8ee\" data-element_type=\"container\" data-e-type=\"container\">\n\t\t<div class=\"elementor-element elementor-element-560e355 e-con-full e-flex elementor-invisible e-con e-child\" data-id=\"560e355\" data-element_type=\"container\" data-e-type=\"container\" data-settings=\"{&quot;animation&quot;:&quot;fadeInRight&quot;,&quot;background_background&quot;:&quot;classic&quot;}\">\n\t\t\t\t<div class=\"elementor-element elementor-element-96a7e02 elementor-widget elementor-widget-image\" data-id=\"96a7e02\" data-element_type=\"widget\" data-e-type=\"widget\" data-widget_type=\"image.default\">\n\t\t\t\t<div class=\"elementor-widget-container\">\n\t\t\t\t\t\t\t\t\t\t\t\t\t\t\t\t<a href=\"https:\/\/fernandezywenzel.com\/de\/kauf-oder-verkauf-von-immobilien-in-spanien\/\">\n\t\t\t\t\t\t\t<img fetchpriority=\"high\" decoding=\"async\" width=\"640\" height=\"435\" src=\"https:\/\/fernandezywenzel.com\/wp-content\/uploads\/2025\/02\/business-people-having-meeting-1024x696.jpg\" class=\"attachment-large size-large wp-image-95\" alt=\"Gesch\u00e4ftsleute bei einem Treffen\" srcset=\"https:\/\/fernandezywenzel.com\/wp-content\/uploads\/2025\/02\/business-people-having-meeting-1024x696.jpg 1024w, https:\/\/fernandezywenzel.com\/wp-content\/uploads\/2025\/02\/business-people-having-meeting-300x204.jpg 300w, https:\/\/fernandezywenzel.com\/wp-content\/uploads\/2025\/02\/business-people-having-meeting-768x522.jpg 768w, https:\/\/fernandezywenzel.com\/wp-content\/uploads\/2025\/02\/business-people-having-meeting-1536x1044.jpg 1536w, https:\/\/fernandezywenzel.com\/wp-content\/uploads\/2025\/02\/business-people-having-meeting.jpg 2000w\" sizes=\"(max-width: 640px) 100vw, 640px\" \/>\t\t\t\t\t\t\t\t<\/a>\n\t\t\t\t\t\t\t\t\t\t\t\t\t\t\t<\/div>\n\t\t\t\t<\/div>\n\t\t\t\t<div class=\"elementor-element elementor-element-954f26a elementor-position-inline-end elementor-mobile-position-inline-end tt elementor-view-default elementor-widget elementor-widget-icon-box\" data-id=\"954f26a\" data-element_type=\"widget\" data-e-type=\"widget\" data-widget_type=\"icon-box.default\">\n\t\t\t\t<div class=\"elementor-widget-container\">\n\t\t\t\t\t\t\t<div class=\"elementor-icon-box-wrapper\">\n\n\t\t\t\t\t\t<div class=\"elementor-icon-box-icon\">\n\t\t\t\t<a href=\"https:\/\/fernandezywenzel.com\/de\/kauf-oder-verkauf-von-immobilien-in-spanien\/\" class=\"elementor-icon\" tabindex=\"-1\" aria-label=\"Kauf oder Verkauf von Immobilien in Spanien\">\n\t\t\t\t<svg xmlns=\"http:\/\/www.w3.org\/2000\/svg\" xmlns:xlink=\"http:\/\/www.w3.org\/1999\/xlink\" width=\"512\" height=\"512\" x=\"0\" y=\"0\" viewbox=\"0 0 64 64\" style=\"enable-background:new 0 0 512 512\" xml:space=\"preserve\" class=\"\"><g transform=\"matrix(1,-1.224646799147353e-16,-1.224646799147353e-16,-1,7.105427357601002e-15,64.02459335327148)\"><path d=\"M56 6H8a2 2 0 0 0 0 4h43.171L6.586 54.586a2 2 0 1 0 2.828 2.828L54 12.828V56a2 2 0 0 0 4 0V8a2 2 0 0 0-2-2z\" fill=\"#000000\" opacity=\"1\" data-original=\"#000000\"><\/path><\/g><\/svg>\t\t\t\t<\/a>\n\t\t\t<\/div>\n\t\t\t\n\t\t\t\t\t\t<div class=\"elementor-icon-box-content\">\n\n\t\t\t\t\t\t\t\t\t<h3 class=\"elementor-icon-box-title\">\n\t\t\t\t\t\t<a href=\"https:\/\/fernandezywenzel.com\/de\/kauf-oder-verkauf-von-immobilien-in-spanien\/\" >\n\t\t\t\t\t\t\tKauf oder Verkauf von Immobilien in Spanien\t\t\t\t\t\t<\/a>\n\t\t\t\t\t<\/h3>\n\t\t\t\t\n\t\t\t\t\t\t\t\t\t<p class=\"elementor-icon-box-description\">\n\t\t\t\t\t\tWir von Fern\u00e1ndez &amp; Wenzel bieten Ihnen fachkundige Rechts- und Steuerberatung beim Kauf, Verkauf, der Schenkung und Vererbung einer Immobilie in Spanien ...\t\t\t\t\t<\/p>\n\t\t\t\t\n\t\t\t<\/div>\n\t\t\t\n\t\t<\/div>\n\t\t\t\t\t\t<\/div>\n\t\t\t\t<\/div>\n\t\t\t\t<\/div>\n\t\t<div class=\"elementor-element elementor-element-24e2fe4 e-con-full e-flex elementor-invisible e-con e-child\" data-id=\"24e2fe4\" data-element_type=\"container\" data-e-type=\"container\" data-settings=\"{&quot;animation&quot;:&quot;fadeInRight&quot;,&quot;background_background&quot;:&quot;classic&quot;}\">\n\t\t\t\t<div class=\"elementor-element elementor-element-5133fbc elementor-widget elementor-widget-image\" data-id=\"5133fbc\" data-element_type=\"widget\" data-e-type=\"widget\" data-widget_type=\"image.default\">\n\t\t\t\t<div class=\"elementor-widget-container\">\n\t\t\t\t\t\t\t\t\t\t\t\t\t\t\t\t<a href=\"https:\/\/fernandezywenzel.com\/de\/unternehmensgrundung-in-spanien\/\">\n\t\t\t\t\t\t\t<img decoding=\"async\" width=\"640\" height=\"426\" src=\"https:\/\/fernandezywenzel.com\/wp-content\/uploads\/2025\/02\/COWORK1-1024x682.jpg\" class=\"attachment-large size-large wp-image-98\" alt=\"Kunde unterzeichnet Vertrag\" srcset=\"https:\/\/fernandezywenzel.com\/wp-content\/uploads\/2025\/02\/COWORK1-1024x682.jpg 1024w, https:\/\/fernandezywenzel.com\/wp-content\/uploads\/2025\/02\/COWORK1-300x200.jpg 300w, https:\/\/fernandezywenzel.com\/wp-content\/uploads\/2025\/02\/COWORK1-768x512.jpg 768w, https:\/\/fernandezywenzel.com\/wp-content\/uploads\/2025\/02\/COWORK1-1536x1024.jpg 1536w, https:\/\/fernandezywenzel.com\/wp-content\/uploads\/2025\/02\/COWORK1.jpg 2000w\" sizes=\"(max-width: 640px) 100vw, 640px\" \/>\t\t\t\t\t\t\t\t<\/a>\n\t\t\t\t\t\t\t\t\t\t\t\t\t\t\t<\/div>\n\t\t\t\t<\/div>\n\t\t\t\t<div class=\"elementor-element elementor-element-385acdb elementor-position-inline-end elementor-mobile-position-inline-end tt elementor-view-default elementor-widget elementor-widget-icon-box\" data-id=\"385acdb\" data-element_type=\"widget\" data-e-type=\"widget\" data-widget_type=\"icon-box.default\">\n\t\t\t\t<div class=\"elementor-widget-container\">\n\t\t\t\t\t\t\t<div class=\"elementor-icon-box-wrapper\">\n\n\t\t\t\t\t\t<div class=\"elementor-icon-box-icon\">\n\t\t\t\t<a href=\"https:\/\/fernandezywenzel.com\/de\/unternehmensgrundung-in-spanien\/\" class=\"elementor-icon\" tabindex=\"-1\" aria-label=\"Unternehmensgr\u00fcndung in Spanien\">\n\t\t\t\t<svg xmlns=\"http:\/\/www.w3.org\/2000\/svg\" xmlns:xlink=\"http:\/\/www.w3.org\/1999\/xlink\" width=\"512\" height=\"512\" x=\"0\" y=\"0\" viewbox=\"0 0 64 64\" style=\"enable-background:new 0 0 512 512\" xml:space=\"preserve\" class=\"\"><g transform=\"matrix(1,-1.224646799147353e-16,-1.224646799147353e-16,-1,7.105427357601002e-15,64.02459335327148)\"><path d=\"M56 6H8a2 2 0 0 0 0 4h43.171L6.586 54.586a2 2 0 1 0 2.828 2.828L54 12.828V56a2 2 0 0 0 4 0V8a2 2 0 0 0-2-2z\" fill=\"#000000\" opacity=\"1\" data-original=\"#000000\"><\/path><\/g><\/svg>\t\t\t\t<\/a>\n\t\t\t<\/div>\n\t\t\t\n\t\t\t\t\t\t<div class=\"elementor-icon-box-content\">\n\n\t\t\t\t\t\t\t\t\t<h3 class=\"elementor-icon-box-title\">\n\t\t\t\t\t\t<a href=\"https:\/\/fernandezywenzel.com\/de\/unternehmensgrundung-in-spanien\/\" >\n\t\t\t\t\t\t\tUnternehmensgr\u00fcndung in Spanien\t\t\t\t\t\t<\/a>\n\t\t\t\t\t<\/h3>\n\t\t\t\t\n\t\t\t\t\t\t\t\t\t<p class=\"elementor-icon-box-description\">\n\t\t\t\t\t\tWir von Fern\u00e1ndez &amp; Wenzel sind darauf spezialisiert, Unternehmern und Investoren bei der Gr\u00fcndung von Unternehmen in Spanien zu helfen und einen reibungslosen und rechtskonformen Prozess zu gew\u00e4hrleisten....\t\t\t\t\t<\/p>\n\t\t\t\t\n\t\t\t<\/div>\n\t\t\t\n\t\t<\/div>\n\t\t\t\t\t\t<\/div>\n\t\t\t\t<\/div>\n\t\t\t\t<\/div>\n\t\t<div class=\"elementor-element elementor-element-c72a02a e-con-full e-flex elementor-invisible e-con e-child\" data-id=\"c72a02a\" data-element_type=\"container\" data-e-type=\"container\" data-settings=\"{&quot;animation&quot;:&quot;fadeInRight&quot;,&quot;background_background&quot;:&quot;classic&quot;}\">\n\t\t\t\t<div class=\"elementor-element elementor-element-6e813b2 elementor-widget elementor-widget-image\" data-id=\"6e813b2\" data-element_type=\"widget\" data-e-type=\"widget\" data-widget_type=\"image.default\">\n\t\t\t\t<div class=\"elementor-widget-container\">\n\t\t\t\t\t\t\t\t\t\t\t\t\t\t\t\t<a href=\"https:\/\/fernandezywenzel.com\/de\/abteilung-steuerrecht\/\">\n\t\t\t\t\t\t\t<img decoding=\"async\" width=\"640\" height=\"428\" src=\"https:\/\/fernandezywenzel.com\/wp-content\/uploads\/2025\/02\/documents-with-charts-touchpad-desk-1024x684.jpg\" class=\"attachment-large size-large wp-image-100\" alt=\"Dokumente mit Diagrammen Touchpad Schreibtisch\" srcset=\"https:\/\/fernandezywenzel.com\/wp-content\/uploads\/2025\/02\/documents-with-charts-touchpad-desk-1024x684.jpg 1024w, https:\/\/fernandezywenzel.com\/wp-content\/uploads\/2025\/02\/documents-with-charts-touchpad-desk-300x200.jpg 300w, https:\/\/fernandezywenzel.com\/wp-content\/uploads\/2025\/02\/documents-with-charts-touchpad-desk-768x513.jpg 768w, https:\/\/fernandezywenzel.com\/wp-content\/uploads\/2025\/02\/documents-with-charts-touchpad-desk-1536x1025.jpg 1536w, https:\/\/fernandezywenzel.com\/wp-content\/uploads\/2025\/02\/documents-with-charts-touchpad-desk.jpg 2000w\" sizes=\"(max-width: 640px) 100vw, 640px\" \/>\t\t\t\t\t\t\t\t<\/a>\n\t\t\t\t\t\t\t\t\t\t\t\t\t\t\t<\/div>\n\t\t\t\t<\/div>\n\t\t\t\t<div class=\"elementor-element elementor-element-d7843ef elementor-position-inline-end elementor-mobile-position-inline-end tt elementor-view-default elementor-widget elementor-widget-icon-box\" data-id=\"d7843ef\" data-element_type=\"widget\" data-e-type=\"widget\" data-widget_type=\"icon-box.default\">\n\t\t\t\t<div class=\"elementor-widget-container\">\n\t\t\t\t\t\t\t<div class=\"elementor-icon-box-wrapper\">\n\n\t\t\t\t\t\t<div class=\"elementor-icon-box-icon\">\n\t\t\t\t<a href=\"https:\/\/fernandezywenzel.com\/de\/abteilung-steuerrecht\/\" class=\"elementor-icon\" tabindex=\"-1\" aria-label=\"Steuerrecht &lt;br&gt;Abteilung \">\n\t\t\t\t<svg xmlns=\"http:\/\/www.w3.org\/2000\/svg\" xmlns:xlink=\"http:\/\/www.w3.org\/1999\/xlink\" width=\"512\" height=\"512\" x=\"0\" y=\"0\" viewbox=\"0 0 64 64\" style=\"enable-background:new 0 0 512 512\" xml:space=\"preserve\" class=\"\"><g transform=\"matrix(1,-1.224646799147353e-16,-1.224646799147353e-16,-1,7.105427357601002e-15,64.02459335327148)\"><path d=\"M56 6H8a2 2 0 0 0 0 4h43.171L6.586 54.586a2 2 0 1 0 2.828 2.828L54 12.828V56a2 2 0 0 0 4 0V8a2 2 0 0 0-2-2z\" fill=\"#000000\" opacity=\"1\" data-original=\"#000000\"><\/path><\/g><\/svg>\t\t\t\t<\/a>\n\t\t\t<\/div>\n\t\t\t\n\t\t\t\t\t\t<div class=\"elementor-icon-box-content\">\n\n\t\t\t\t\t\t\t\t\t<h3 class=\"elementor-icon-box-title\">\n\t\t\t\t\t\t<a href=\"https:\/\/fernandezywenzel.com\/de\/abteilung-steuerrecht\/\" >\n\t\t\t\t\t\t\tSteuerrecht <br>Abteilung \t\t\t\t\t\t<\/a>\n\t\t\t\t\t<\/h3>\n\t\t\t\t\n\t\t\t\t\t\t\t\t\t<p class=\"elementor-icon-box-description\">\n\t\t\t\t\t\tMit einem hochspezialisierten Team von Juristen und \u00d6konomen ist unsere Abteilung f\u00fcr Steuerrecht eine tragende S\u00e4ule der Kanzlei, die eine kontinuierliche und enge Unterst\u00fctzung...\t\t\t\t\t<\/p>\n\t\t\t\t\n\t\t\t<\/div>\n\t\t\t\n\t\t<\/div>\n\t\t\t\t\t\t<\/div>\n\t\t\t\t<\/div>\n\t\t\t\t<\/div>\n\t\t\t\t<\/div>\n\t\t\t\t<div class=\"elementor-element elementor-element-84cef91 elementor-widget-laptop__width-auto elementor-mobile-align-center elementor-widget-mobile__width-auto elementor-align-center elementor-widget elementor-widget-button\" data-id=\"84cef91\" data-element_type=\"widget\" data-e-type=\"widget\" data-widget_type=\"button.default\">\n\t\t\t\t<div class=\"elementor-widget-container\">\n\t\t\t\t\t\t\t\t\t<div class=\"elementor-button-wrapper\">\n\t\t\t\t\t<a class=\"elementor-button elementor-button-link elementor-size-sm\" href=\"https:\/\/fernandezywenzel.com\/de\/kontaktieren-sie-uns\/\">\n\t\t\t\t\t\t<span class=\"elementor-button-content-wrapper\">\n\t\t\t\t\t\t\t\t\t<span class=\"elementor-button-text\">Kontakt<\/span>\n\t\t\t\t\t<\/span>\n\t\t\t\t\t<\/a>\n\t\t\t\t<\/div>\n\t\t\t\t\t\t\t\t<\/div>\n\t\t\t\t<\/div>\n\t\t\t\t\t<\/div>\n\t\t\t\t<\/div>\n\t\t\t\t<\/div>","protected":false},"excerpt":{"rendered":"<p>What we do Our services Buying or selling property in Spain At Fern\u00e1ndez &amp; Wenzel, we provide expert legal and tax advisory services to guide you through the purchase, sale, donation and inheritance of a property in Spaine &#8230; Business incorporation in Spain At Fern\u00e1ndez &amp; Wenzel, we specialize in assisting entrepreneurs and investors with [&hellip;]<\/p>\n","protected":false},"author":1,"featured_media":0,"parent":0,"menu_order":0,"comment_status":"closed","ping_status":"closed","template":"elementor_header_footer","meta":{"footnotes":""},"class_list":["post-60","page","type-page","status-publish","hentry"],"yoast_head":"<!-- This site is optimized with the Yoast SEO plugin v27.3 - https:\/\/yoast.com\/product\/yoast-seo-wordpress\/ -->\n<title>Services - Fern\u00e1ndez &amp; Wenzel<\/title>\n<meta name=\"description\" content=\"Check the full list of our services on this page. Contact us today!\" \/>\n<meta name=\"robots\" content=\"index, follow, max-snippet:-1, max-image-preview:large, max-video-preview:-1\" \/>\n<link rel=\"canonical\" href=\"https:\/\/fernandezywenzel.com\/de\/dienstleistungen\/\" \/>\n<meta property=\"og:locale\" content=\"de_DE\" \/>\n<meta property=\"og:type\" content=\"article\" \/>\n<meta property=\"og:title\" content=\"Services - Fern\u00e1ndez &amp; Wenzel\" \/>\n<meta property=\"og:description\" content=\"Check the full list of our services on this page. Contact us today!\" \/>\n<meta property=\"og:url\" content=\"https:\/\/fernandezywenzel.com\/de\/dienstleistungen\/\" \/>\n<meta property=\"og:site_name\" content=\"Fern\u00e1ndez &amp; Wenzel\" \/>\n<meta property=\"article:modified_time\" content=\"2025-05-26T13:19:24+00:00\" \/>\n<meta property=\"og:image\" content=\"https:\/\/fernandezywenzel.koawebsites.com\/wp-content\/uploads\/2025\/02\/business-people-having-meeting-1024x696.jpg\" \/>\n<meta name=\"twitter:card\" content=\"summary_large_image\" \/>\n<meta name=\"twitter:label1\" content=\"Est. reading time\" \/>\n\t<meta name=\"twitter:data1\" content=\"2 minutes\" \/>\n<script type=\"application\/ld+json\" class=\"yoast-schema-graph\">{\"@context\":\"https:\\\/\\\/schema.org\",\"@graph\":[{\"@type\":\"WebPage\",\"@id\":\"https:\\\/\\\/fernandezywenzel.com\\\/services\\\/\",\"url\":\"https:\\\/\\\/fernandezywenzel.com\\\/services\\\/\",\"name\":\"Services - Fern\u00e1ndez &amp; Wenzel\",\"isPartOf\":{\"@id\":\"https:\\\/\\\/fernandezywenzel.com\\\/#website\"},\"primaryImageOfPage\":{\"@id\":\"https:\\\/\\\/fernandezywenzel.com\\\/services\\\/#primaryimage\"},\"image\":{\"@id\":\"https:\\\/\\\/fernandezywenzel.com\\\/services\\\/#primaryimage\"},\"thumbnailUrl\":\"https:\\\/\\\/fernandezywenzel.koawebsites.com\\\/wp-content\\\/uploads\\\/2025\\\/02\\\/business-people-having-meeting-1024x696.jpg\",\"datePublished\":\"2025-02-28T11:44:20+00:00\",\"dateModified\":\"2025-05-26T13:19:24+00:00\",\"description\":\"Check the full list of our services on this page. Contact us today!\",\"breadcrumb\":{\"@id\":\"https:\\\/\\\/fernandezywenzel.com\\\/services\\\/#breadcrumb\"},\"inLanguage\":\"de-DE\",\"potentialAction\":[{\"@type\":\"ReadAction\",\"target\":[\"https:\\\/\\\/fernandezywenzel.com\\\/services\\\/\"]}]},{\"@type\":\"ImageObject\",\"inLanguage\":\"de-DE\",\"@id\":\"https:\\\/\\\/fernandezywenzel.com\\\/services\\\/#primaryimage\",\"url\":\"https:\\\/\\\/fernandezywenzel.koawebsites.com\\\/wp-content\\\/uploads\\\/2025\\\/02\\\/business-people-having-meeting-1024x696.jpg\",\"contentUrl\":\"https:\\\/\\\/fernandezywenzel.koawebsites.com\\\/wp-content\\\/uploads\\\/2025\\\/02\\\/business-people-having-meeting-1024x696.jpg\"},{\"@type\":\"BreadcrumbList\",\"@id\":\"https:\\\/\\\/fernandezywenzel.com\\\/services\\\/#breadcrumb\",\"itemListElement\":[{\"@type\":\"ListItem\",\"position\":1,\"name\":\"Home\",\"item\":\"https:\\\/\\\/fernandezywenzel.com\\\/\"},{\"@type\":\"ListItem\",\"position\":2,\"name\":\"Services\"}]},{\"@type\":\"WebSite\",\"@id\":\"https:\\\/\\\/fernandezywenzel.com\\\/#website\",\"url\":\"https:\\\/\\\/fernandezywenzel.com\\\/\",\"name\":\"Fern\u00e1ndez &amp; Wenzel\",\"description\":\"\",\"potentialAction\":[{\"@type\":\"SearchAction\",\"target\":{\"@type\":\"EntryPoint\",\"urlTemplate\":\"https:\\\/\\\/fernandezywenzel.com\\\/?s={search_term_string}\"},\"query-input\":{\"@type\":\"PropertyValueSpecification\",\"valueRequired\":true,\"valueName\":\"search_term_string\"}}],\"inLanguage\":\"de-DE\"}]}<\/script>\n<!-- \/ Yoast SEO plugin. -->","yoast_head_json":{"title":"Dienstleistungen - Fern\u00e1ndez &amp; Wenzel","description":"Die vollst\u00e4ndige Liste unserer Dienstleistungen finden Sie auf dieser Seite. Kontaktieren Sie uns noch heute!","robots":{"index":"index","follow":"follow","max-snippet":"max-snippet:-1","max-image-preview":"max-image-preview:large","max-video-preview":"max-video-preview:-1"},"canonical":"https:\/\/fernandezywenzel.com\/de\/dienstleistungen\/","og_locale":"de_DE","og_type":"article","og_title":"Services - Fern\u00e1ndez &amp; Wenzel","og_description":"Check the full list of our services on this page. Contact us today!","og_url":"https:\/\/fernandezywenzel.com\/de\/dienstleistungen\/","og_site_name":"Fern\u00e1ndez &amp; Wenzel","article_modified_time":"2025-05-26T13:19:24+00:00","og_image":[{"url":"https:\/\/fernandezywenzel.koawebsites.com\/wp-content\/uploads\/2025\/02\/business-people-having-meeting-1024x696.jpg","type":"","width":"","height":""}],"twitter_card":"summary_large_image","twitter_misc":{"Est. reading time":"2 minutes"},"schema":{"@context":"https:\/\/schema.org","@graph":[{"@type":"WebPage","@id":"https:\/\/fernandezywenzel.com\/services\/","url":"https:\/\/fernandezywenzel.com\/services\/","name":"Dienstleistungen - Fern\u00e1ndez &amp; Wenzel","isPartOf":{"@id":"https:\/\/fernandezywenzel.com\/#website"},"primaryImageOfPage":{"@id":"https:\/\/fernandezywenzel.com\/services\/#primaryimage"},"image":{"@id":"https:\/\/fernandezywenzel.com\/services\/#primaryimage"},"thumbnailUrl":"https:\/\/fernandezywenzel.koawebsites.com\/wp-content\/uploads\/2025\/02\/business-people-having-meeting-1024x696.jpg","datePublished":"2025-02-28T11:44:20+00:00","dateModified":"2025-05-26T13:19:24+00:00","description":"Die vollst\u00e4ndige Liste unserer Dienstleistungen finden Sie auf dieser Seite. Kontaktieren Sie uns noch heute!","breadcrumb":{"@id":"https:\/\/fernandezywenzel.com\/services\/#breadcrumb"},"inLanguage":"de-DE","potentialAction":[{"@type":"ReadAction","target":["https:\/\/fernandezywenzel.com\/services\/"]}]},{"@type":"ImageObject","inLanguage":"de-DE","@id":"https:\/\/fernandezywenzel.com\/services\/#primaryimage","url":"https:\/\/fernandezywenzel.koawebsites.com\/wp-content\/uploads\/2025\/02\/business-people-having-meeting-1024x696.jpg","contentUrl":"https:\/\/fernandezywenzel.koawebsites.com\/wp-content\/uploads\/2025\/02\/business-people-having-meeting-1024x696.jpg"},{"@type":"BreadcrumbList","@id":"https:\/\/fernandezywenzel.com\/services\/#breadcrumb","itemListElement":[{"@type":"ListItem","position":1,"name":"Home","item":"https:\/\/fernandezywenzel.com\/"},{"@type":"ListItem","position":2,"name":"Services"}]},{"@type":"WebSite","@id":"https:\/\/fernandezywenzel.com\/#website","url":"https:\/\/fernandezywenzel.com\/","name":"Fern\u00e1ndez &amp; Wenzel","description":"","potentialAction":[{"@type":"SearchAction","target":{"@type":"EntryPoint","urlTemplate":"https:\/\/fernandezywenzel.com\/?s={search_term_string}"},"query-input":{"@type":"PropertyValueSpecification","valueRequired":true,"valueName":"search_term_string"}}],"inLanguage":"de-DE"}]}},"_links":{"self":[{"href":"https:\/\/fernandezywenzel.com\/de\/wp-json\/wp\/v2\/pages\/60","targetHints":{"allow":["GET"]}}],"collection":[{"href":"https:\/\/fernandezywenzel.com\/de\/wp-json\/wp\/v2\/pages"}],"about":[{"href":"https:\/\/fernandezywenzel.com\/de\/wp-json\/wp\/v2\/types\/page"}],"author":[{"embeddable":true,"href":"https:\/\/fernandezywenzel.com\/de\/wp-json\/wp\/v2\/users\/1"}],"replies":[{"embeddable":true,"href":"https:\/\/fernandezywenzel.com\/de\/wp-json\/wp\/v2\/comments?post=60"}],"version-history":[{"count":29,"href":"https:\/\/fernandezywenzel.com\/de\/wp-json\/wp\/v2\/pages\/60\/revisions"}],"predecessor-version":[{"id":1249,"href":"https:\/\/fernandezywenzel.com\/de\/wp-json\/wp\/v2\/pages\/60\/revisions\/1249"}],"wp:attachment":[{"href":"https:\/\/fernandezywenzel.com\/de\/wp-json\/wp\/v2\/media?parent=60"}],"curies":[{"name":"wp","href":"https:\/\/api.w.org\/{rel}","templated":true}]}}